{"id":1714,"date":"2024-09-12T18:27:45","date_gmt":"2024-09-12T16:27:45","guid":{"rendered":"https:\/\/intuepilates.com\/?page_id=1714"},"modified":"2024-12-11T11:08:19","modified_gmt":"2024-12-11T10:08:19","slug":"politica-cookies","status":"publish","type":"page","link":"https:\/\/intuepilates.com\/ca\/politica-cookies\/","title":{"rendered":"Pol\u00edtica de cookies"},"content":{"rendered":"<div data-elementor-type=\"wp-page\" data-elementor-id=\"1714\" class=\"elementor elementor-1714\">\n\t\t\t\t\t\t<section class=\"elementor-section elementor-top-section elementor-element elementor-element-1cfe4695 elementor-section-boxed elementor-section-height-default elementor-section-height-default parallax_section_no qode_elementor_container_no\" data-id=\"1cfe4695\" data-element_type=\"section\" data-e-type=\"section\">\n\t\t\t\t\t\t<div class=\"elementor-container elementor-column-gap-default\">\n\t\t\t\t\t<div class=\"elementor-column elementor-col-100 elementor-top-column elementor-element elementor-element-683a00a1\" data-id=\"683a00a1\" data-element_type=\"column\" data-e-type=\"column\">\n\t\t\t<div class=\"elementor-widget-wrap elementor-element-populated\">\n\t\t\t\t\t\t<div class=\"elementor-element elementor-element-48f810d elementor-widget elementor-widget-text-editor\" data-id=\"48f810d\" data-element_type=\"widget\" data-e-type=\"widget\" data-widget_type=\"text-editor.default\">\n\t\t\t\t<div class=\"elementor-widget-container\">\n\t\t\t\t\t\t\t\t\t<h1>Pol\u00edtica de cookies<\/h1>\nResponsable: GAMFIT 18, SL<br\/><br\/>\n\nEn aquesta Pol\u00edtica de Cookies trobar\u00e0s la descripci\u00f3 i finalitat de cadascuna de les cookies utilitzades, aix\u00ed com el nom, el servidor d'enviament, la caducitat i en alguns casos l'exist\u00e8ncia de transfer\u00e8ncia internacional de dades.<br\/><br\/>\n\nLa legitimaci\u00f3 per a l'\u00fas de les galetes estrictament funcionals ve donada perqu\u00e8 el tractament \u00e9s necessari per al compliment d'una obligaci\u00f3 legal conforme a la Llei 34\/2002 Llei de Serveis de la Informaci\u00f3 i de Comer\u00e7 Electr\u00f2nic.<br\/><br\/>\n\nLa legitimaci\u00f3 per a l'\u00fas de les galetes amb fins anal\u00edtics d'optimitzaci\u00f3 de personalitzaci\u00f3 de publicitat comportamental i valoraci\u00f3 es basa en el consentiment que se sol\u00b7licita, d'acord amb l'article 6.1.a) del Reglament (UE) 2017\/679.<br\/><br\/>\n\nUtilitzem cookies amb l'objectiu de prestar un millor servei i proporcionar-vos una millor experi\u00e8ncia en la vostra navegaci\u00f3. Volem informar-te de manera clara i precisa sobre les galetes que utilitzem, detallant a continuaci\u00f3; qu\u00e8 \u00e9s una galeta, per a qu\u00e8 serveix, quins tipus de cookies utilitzem, quina \u00e9s la seva finalitat i com les pots configurar o deshabilitar si aix\u00ed ho desitges.<br\/><br\/>\n\n<strong>Qu\u00e8 \u00e9s una galeta i per a qu\u00e8 serveix?:<\/strong><br\/>\n\nUna galeta \u00e9s un petit fitxer que s'emmagatzema a l'ordinador de l'usuari, tauleta, smartphone o qualsevol altre dispositiu amb informaci\u00f3 sobre la navegaci\u00f3.<br\/><br\/>\n\nEl conjunt de galetes de tots els nostres usuaris ens ajuda a millorar la qualitat de la nostra web, permetent-nos controlar quines p\u00e0gines s\u00f3n \u00fatils, quines no i quines s\u00f3n susceptibles de millora.<br\/><br\/>\n\nLes galetes s\u00f3n essencials per al funcionament d'internet, aportant innombrables avantatges en la prestaci\u00f3 de serveis interactius, facilitant-te la navegaci\u00f3 i usabilitat de la nostra web. En cap cas les galetes podrien danyar el teu equip. Per contra, el que estiguin actives ens ajuda a identificar i resoldre els errors.<br\/><br\/>\n\n<strong>QUINS TIPUS DE COOKIES UTILITZEM?:<\/strong><br\/><br\/>\n\n<strong>SEG\u00daN LA ENTIDAD QUE LA GESTIONA<\/strong><br\/>\n\n<strong>Cookies pr\u00f2pies:<\/strong><br\/>\n\nS\u00f3n aquelles que s'envien al teu equip des dels nostres propis equips o dominis i des del que prestem el servei que ens sol\u00b7licites.<br\/>\n\n<strong>Cookies de tercers:<\/strong><br\/>\n\nS\u00f3n aquelles que s'envien al teu equip des d'un equip o domini que no \u00e9s gestionat per nosaltres sin\u00f3 per una altra entitat col\u00b7laboradora. Com, per exemple, les utilitzades per xarxes socials, o per contingut extern com Google Maps.<br\/><br\/>\n\n<strong>SEG\u00daN EL PLAZO DE TIEMPO QUE PERMANECEN ACTIVAS:<\/strong><br\/>\n\n<strong>Cookies de sesi\u00f3n:<\/strong><br\/>\n\nSon cookies temporales que permanecen en el archivo de cookies de tu navegador hasta que abandonas la p\u00e1gina web, por lo que ninguna queda registrada en el disco duro de tu ordenador. La informaci\u00f3n obtenida por medio de estas cookies, sirven para analizar pautas de tr\u00e1fico en la web. A la larga, esto nos permite proporcionar una mejor experiencia para mejorar el contenido y facilitar su uso.<br\/>\n\n<strong>Cookies persistents:<\/strong><br\/>\n\nS\u00f3n emmagatzemades al disc dur i la nostra web les llegeix cada vegada que fas una nova visita. Una web permanent t\u00e9 una data d'expiraci\u00f3 determinada. La galeta deixar\u00e0 de funcionar despr\u00e9s d'aquesta data. Aquestes galetes les utilitzem, generalment, per facilitar els serveis de compra i registre.<br\/><br\/>\n\n<strong>SEGONS LA SEVA FINALITAT:<\/strong><br\/>\n\n<strong>Estrictament necess\u00e0ries:<\/strong><br\/>\n\nAquestes cookies s\u00f3n necess\u00e0ries per facilitar la correcta navegaci\u00f3 pel nostre lloc web i asseguren que el contingut es carrega efica\u00e7ment, permetent la correcta utilitzaci\u00f3 de les diferents opcions o serveis que hi existeixen com per exemple realitzar el proc\u00e9s de compra o controlar el frau vinculat a la seguretat del servei. S'inclouen galetes anal\u00edtiques i agregades per fer recompte del tr\u00e0nsit del lloc i les p\u00e0gines visitades.<br\/><br\/>\n\n<strong>Anal\u00edtiques i optimitzaci\u00f3:<\/strong><br\/>\n\nAquestes cookies s\u00f3n pr\u00f2pies o de tercers que ens permeten optimitzar la teva experi\u00e8ncia al lloc web avaluant-ne el rendiment i millorar afegint noves funcionalitats.<br\/><br\/>\n\n<strong>Personalitzaci\u00f3:<\/strong><br\/>\n\nPermeten desar la informaci\u00f3 de prefer\u00e8ncia de l'usuari per millorar la qualitat dels nostres serveis i oferir una millor experi\u00e8ncia a trav\u00e9s de productes recomanats. Algunes poden ser multidispositives.<br\/><br\/>\n\n<strong>Publicitat comportamental:<\/strong><br\/>\n\nAquestes galetes s\u00f3n utilitzades per emmagatzemar informaci\u00f3 del comportament dels usuaris obtinguda a trav\u00e9s de l'observaci\u00f3 continuada. Gr\u00e0cies a elles, podem con\u00e8ixer els h\u00e0bits de navegaci\u00f3 al lloc web i mostrar publicitat relacionada amb el vostre perfil de navegaci\u00f3.<br\/><br\/>\n\n<strong>Valoraci\u00f3:<\/strong><br\/>\n\nGenera identificadors an\u00f2nims per al funcionament correcte de les opinions de clients sobre productes comprats.<br\/><br\/>\n\n<strong>Cessi\u00f3 de cookies:<\/strong><br\/>\n\nAquestes cookies permeten compartir dades derivades de les cookies de publicitat comportamental amb tercers prove\u00efdors d'El Corte Ingl\u00e9s per tal que puguin personalitzar la seva publicitat digital en p\u00e0gines web, xarxes socials i qualsevol suport digital que ho permeti.<br\/><br\/>\n\n<strong>DURANT QUANT TEMPS CONSERVAREM LA INFORMACI\u00d3?:<\/strong><br\/>\n\nMantindrem la informaci\u00f3 mentre sigui necessari per a la prestaci\u00f3 del servei sol\u00b7licitat, fins que ens manifestis la teva oposici\u00f3 o fins que revoquis el teu consentiment. En aquests casos, la informaci\u00f3 es mantindr\u00e0 degudament bloquejada sense que la puguem utilitzar mentre sigui necess\u00e0ria per a lexercici o defensa de reclamacions legals o contractuals. Un cop transcorregut aquest termini de temps, les teves dades seran eliminades definitivament.<br\/><br\/>\n\nEn els casos en qu\u00e8 obtenim dades autom\u00e0ticament a trav\u00e9s de cookies, tingues en compte que algunes poden estar instal\u00b7lades durant anys. No obstant aix\u00f2, podeu limitar-ne l'\u00fas en el temps eliminant-les dels navegadors o dispositius.<br\/><br\/>\n\n<strong>COM POTS CONFIGURAR O DESHABILITAR LES TEVES COOKIES?:<\/strong><br\/>\n\n<strong>CONSENTIMENT:<\/strong><br\/>\n\nPots permetre, bloquejar o eliminar les galetes instal\u00b7lades al teu equip mitjan\u00e7ant la configuraci\u00f3 de les opcions del teu navegador d'Internet. En cas que no permetis la instal\u00b7laci\u00f3 de cookies al teu navegador \u00e9s possible que no puguis accedir a alguns dels serveis i que la teva experi\u00e8ncia a la nostra web pugui resultar menys satisfact\u00f2ria. Als seg\u00fcents enlla\u00e7os tens a la teva disposici\u00f3 tota la informaci\u00f3 per configurar o deshabilitar les teves cookies a cada navegador:<br\/>\n\n<a href=\"https:\/\/support.google.com\/accounts\/answer\/61416?co=GENIE.Platform=Desktop&amp;hl=es\">Google Chrome<\/a><br\/>\n\n<a href=\"https:\/\/support.mozilla.org\/es\/kb\/habilitar-y-deshabilitar-cookies-sitios-web-rastrear-preferencias\">Mozilla Firefox<\/a><br\/>\n\n<a href=\"https:\/\/support.microsoft.com\/es-es\/help\/17442\/windows-internet-explorer-delete-manage-cookies\">Internet Explorer<\/a><br\/>\n\n<a href=\"https:\/\/support.apple.com\/es-es\/guide\/safari\/sfri11471\/mac\">Safari<\/a><br\/>\n\n<a href=\"https:\/\/support.apple.com\/es-es\/HT201265\">Safari para IOS (iPhone y iPad)<\/a><br\/>\n\n<a href=\"https:\/\/support.google.com\/accounts\/answer\/61416?co=GENIE.Platform=Android&amp;hl=es\">Chrome para Android<\/a><br\/><br\/>\n\n<strong>PROTECCI\u00d3 DE DADES:<\/strong><br\/>\n\nEn navegar pel lloc web podem tractar les vostres dades personals.<br\/><br\/>\n\n<strong>FINALITAT DE CADA UNA DE LES COOKIES UTILITZADES:<\/strong><br\/>\n\nA continuaci\u00f3, detallem les\u00a0cookies\u00a0utilitzades a la nostra web i la finalitat de les mateixes.\n\nRelaci\u00f3 de cookies utilitzades:\n<figure class=\"wp-block-table alignwide\">\n<table class=\"has-fixed-layout\">\n<tbody>\n<tr>\n<td>Cookie<\/td>\n<td>Domini<\/td>\n<td>Descripci\u00f3<\/td>\n<td>Durada<\/td>\n<td>Tipus<\/td>\n<\/tr>\n<tr>\n<td>wpEmojiSettingsSupports<\/td>\n<td>intuepilates.com<\/td>\n<td>WordPress estableix aquesta galeta quan un usuari interactua amb emojis en un lloc de WordPress. Ajuda a determinar si el navegador de lusuari pot mostrar emojis correctament.<\/td>\n<td>session<\/td>\n<td>necess\u00e0ria<\/td>\n<\/tr>\n<\/tbody>\n<\/table>\n<\/figure>\t\t\t\t\t\t\t\t<\/div>\n\t\t\t\t<\/div>\n\t\t\t\t\t<\/div>\n\t\t<\/div>\n\t\t\t\t\t<\/div>\n\t\t<\/section>\n\t\t\t\t<\/div>","protected":false},"excerpt":{"rendered":"<p>Pol\u00edtica de cookies Responsable: GAMFIT 18, SL En la presente Pol\u00edtica de Cookies encontrar\u00e1s la descripci\u00f3n y finalidad de cada una de las cookies utilizadas, as\u00ed como su nombre, el servidor de env\u00edo, su caducidad y en algunos casos la existencia de transferencia internacional de&#8230;<\/p>","protected":false},"author":1,"featured_media":0,"parent":0,"menu_order":0,"comment_status":"closed","ping_status":"closed","template":"","meta":{"footnotes":""},"class_list":["post-1714","page","type-page","status-publish","hentry"],"yoast_head":"<!-- This site is optimized with the Yoast SEO plugin v26.9 - https:\/\/yoast.com\/product\/yoast-seo-wordpress\/ -->\n<title>Pol\u00edtica de cookies - INTU\u00c9 Pilates<\/title>\n<meta name=\"robots\" content=\"noindex, follow\" \/>\n<meta property=\"og:locale\" content=\"ca_ES\" \/>\n<meta property=\"og:type\" content=\"article\" \/>\n<meta property=\"og:title\" content=\"Pol\u00edtica de cookies - INTU\u00c9 Pilates\" \/>\n<meta property=\"og:description\" content=\"Pol\u00edtica de cookies Responsable: GAMFIT 18, SL En la presente Pol\u00edtica de Cookies encontrar\u00e1s la descripci\u00f3n y finalidad de cada una de las cookies utilizadas, as\u00ed como su nombre, el servidor de env\u00edo, su caducidad y en algunos casos la existencia de transferencia internacional de...\" \/>\n<meta property=\"og:url\" content=\"https:\/\/intuepilates.com\/ca\/politica-cookies\/\" \/>\n<meta property=\"og:site_name\" content=\"INTU\u00c9 Pilates\" \/>\n<meta property=\"article:modified_time\" content=\"2024-12-11T10:08:19+00:00\" \/>\n<meta name=\"twitter:card\" content=\"summary_large_image\" \/>\n<meta name=\"twitter:label1\" content=\"Temps estimat de lectura\" \/>\n\t<meta name=\"twitter:data1\" content=\"6 minuts\" \/>\n<script type=\"application\/ld+json\" class=\"yoast-schema-graph\">{\"@context\":\"https:\/\/schema.org\",\"@graph\":[{\"@type\":\"WebPage\",\"@id\":\"https:\/\/intuepilates.com\/politica-cookies\/\",\"url\":\"https:\/\/intuepilates.com\/politica-cookies\/\",\"name\":\"Pol\u00edtica de cookies - INTU\u00c9 Pilates\",\"isPartOf\":{\"@id\":\"https:\/\/intuepilates.com\/#website\"},\"datePublished\":\"2024-09-12T16:27:45+00:00\",\"dateModified\":\"2024-12-11T10:08:19+00:00\",\"breadcrumb\":{\"@id\":\"https:\/\/intuepilates.com\/politica-cookies\/#breadcrumb\"},\"inLanguage\":\"ca\",\"potentialAction\":[{\"@type\":\"ReadAction\",\"target\":[\"https:\/\/intuepilates.com\/politica-cookies\/\"]}]},{\"@type\":\"BreadcrumbList\",\"@id\":\"https:\/\/intuepilates.com\/politica-cookies\/#breadcrumb\",\"itemListElement\":[{\"@type\":\"ListItem\",\"position\":1,\"name\":\"Inici\",\"item\":\"https:\/\/intuepilates.com\/\"},{\"@type\":\"ListItem\",\"position\":2,\"name\":\"Pol\u00edtica de cookies\"}]},{\"@type\":\"WebSite\",\"@id\":\"https:\/\/intuepilates.com\/#website\",\"url\":\"https:\/\/intuepilates.com\/\",\"name\":\"INTU\u00c9 Pilates\",\"description\":\"INTU\u00c9 Pilates Studio\",\"publisher\":{\"@id\":\"https:\/\/intuepilates.com\/#organization\"},\"alternateName\":\"INTU\u00c9 Pilates Studio\",\"potentialAction\":[{\"@type\":\"SearchAction\",\"target\":{\"@type\":\"EntryPoint\",\"urlTemplate\":\"https:\/\/intuepilates.com\/?s={search_term_string}\"},\"query-input\":{\"@type\":\"PropertyValueSpecification\",\"valueRequired\":true,\"valueName\":\"search_term_string\"}}],\"inLanguage\":\"ca\"},{\"@type\":\"Organization\",\"@id\":\"https:\/\/intuepilates.com\/#organization\",\"name\":\"INTU\u00c9 Pilates Studio\",\"alternateName\":\"INTU\u00c9 Pilates\",\"url\":\"https:\/\/intuepilates.com\/\",\"logo\":{\"@type\":\"ImageObject\",\"inLanguage\":\"ca\",\"@id\":\"https:\/\/intuepilates.com\/#\/schema\/logo\/image\/\",\"url\":\"https:\/\/intuepilates.com\/wp-content\/uploads\/2024\/12\/INTUE_PILATES_1.svg\",\"contentUrl\":\"https:\/\/intuepilates.com\/wp-content\/uploads\/2024\/12\/INTUE_PILATES_1.svg\",\"width\":200,\"height\":104,\"caption\":\"INTU\u00c9 Pilates Studio\"},\"image\":{\"@id\":\"https:\/\/intuepilates.com\/#\/schema\/logo\/image\/\"},\"sameAs\":[\"https:\/\/www.instagram.com\/intuepilates\"]}]}<\/script>\n<!-- \/ Yoast SEO plugin. -->","yoast_head_json":{"title":"Pol\u00edtica de cookies - INTU\u00c9 Pilates","robots":{"index":"noindex","follow":"follow"},"og_locale":"ca_ES","og_type":"article","og_title":"Pol\u00edtica de cookies - INTU\u00c9 Pilates","og_description":"Pol\u00edtica de cookies Responsable: GAMFIT 18, SL En la presente Pol\u00edtica de Cookies encontrar\u00e1s la descripci\u00f3n y finalidad de cada una de las cookies utilizadas, as\u00ed como su nombre, el servidor de env\u00edo, su caducidad y en algunos casos la existencia de transferencia internacional de...","og_url":"https:\/\/intuepilates.com\/ca\/politica-cookies\/","og_site_name":"INTU\u00c9 Pilates","article_modified_time":"2024-12-11T10:08:19+00:00","twitter_card":"summary_large_image","twitter_misc":{"Temps estimat de lectura":"6 minuts"},"schema":{"@context":"https:\/\/schema.org","@graph":[{"@type":"WebPage","@id":"https:\/\/intuepilates.com\/politica-cookies\/","url":"https:\/\/intuepilates.com\/politica-cookies\/","name":"Pol\u00edtica de cookies - INTU\u00c9 Pilates","isPartOf":{"@id":"https:\/\/intuepilates.com\/#website"},"datePublished":"2024-09-12T16:27:45+00:00","dateModified":"2024-12-11T10:08:19+00:00","breadcrumb":{"@id":"https:\/\/intuepilates.com\/politica-cookies\/#breadcrumb"},"inLanguage":"ca","potentialAction":[{"@type":"ReadAction","target":["https:\/\/intuepilates.com\/politica-cookies\/"]}]},{"@type":"BreadcrumbList","@id":"https:\/\/intuepilates.com\/politica-cookies\/#breadcrumb","itemListElement":[{"@type":"ListItem","position":1,"name":"Inici","item":"https:\/\/intuepilates.com\/"},{"@type":"ListItem","position":2,"name":"Pol\u00edtica de cookies"}]},{"@type":"WebSite","@id":"https:\/\/intuepilates.com\/#website","url":"https:\/\/intuepilates.com\/","name":"INTU\u00c9 Pilates","description":"INTU\u00c9 Pilates Studio","publisher":{"@id":"https:\/\/intuepilates.com\/#organization"},"alternateName":"INTU\u00c9 Pilates Studio","potentialAction":[{"@type":"SearchAction","target":{"@type":"EntryPoint","urlTemplate":"https:\/\/intuepilates.com\/?s={search_term_string}"},"query-input":{"@type":"PropertyValueSpecification","valueRequired":true,"valueName":"search_term_string"}}],"inLanguage":"ca"},{"@type":"Organization","@id":"https:\/\/intuepilates.com\/#organization","name":"INTU\u00c9 Pilates Studio","alternateName":"INTU\u00c9 Pilates","url":"https:\/\/intuepilates.com\/","logo":{"@type":"ImageObject","inLanguage":"ca","@id":"https:\/\/intuepilates.com\/#\/schema\/logo\/image\/","url":"https:\/\/intuepilates.com\/wp-content\/uploads\/2024\/12\/INTUE_PILATES_1.svg","contentUrl":"https:\/\/intuepilates.com\/wp-content\/uploads\/2024\/12\/INTUE_PILATES_1.svg","width":200,"height":104,"caption":"INTU\u00c9 Pilates Studio"},"image":{"@id":"https:\/\/intuepilates.com\/#\/schema\/logo\/image\/"},"sameAs":["https:\/\/www.instagram.com\/intuepilates"]}]}},"_links":{"self":[{"href":"https:\/\/intuepilates.com\/ca\/wp-json\/wp\/v2\/pages\/1714","targetHints":{"allow":["GET"]}}],"collection":[{"href":"https:\/\/intuepilates.com\/ca\/wp-json\/wp\/v2\/pages"}],"about":[{"href":"https:\/\/intuepilates.com\/ca\/wp-json\/wp\/v2\/types\/page"}],"author":[{"embeddable":true,"href":"https:\/\/intuepilates.com\/ca\/wp-json\/wp\/v2\/users\/1"}],"replies":[{"embeddable":true,"href":"https:\/\/intuepilates.com\/ca\/wp-json\/wp\/v2\/comments?post=1714"}],"version-history":[{"count":16,"href":"https:\/\/intuepilates.com\/ca\/wp-json\/wp\/v2\/pages\/1714\/revisions"}],"predecessor-version":[{"id":2024,"href":"https:\/\/intuepilates.com\/ca\/wp-json\/wp\/v2\/pages\/1714\/revisions\/2024"}],"wp:attachment":[{"href":"https:\/\/intuepilates.com\/ca\/wp-json\/wp\/v2\/media?parent=1714"}],"curies":[{"name":"wp","href":"https:\/\/api.w.org\/{rel}","templated":true}]}}