{"id":175,"date":"2021-07-23T10:18:40","date_gmt":"2021-07-23T10:18:40","guid":{"rendered":"https:\/\/bridge486.qodeinteractive.com\/?page_id=175"},"modified":"2025-08-31T18:36:57","modified_gmt":"2025-08-31T16:36:57","slug":"inicio","status":"publish","type":"page","link":"https:\/\/intuepilates.com\/ca\/","title":{"rendered":"Home"},"content":{"rendered":"<div data-elementor-type=\"wp-page\" data-elementor-id=\"175\" class=\"elementor elementor-175\">\n\t\t\t\t\t\t<section class=\"elementor-section elementor-top-section elementor-element elementor-element-7339a57 elementor-section-full_width elementor-section-height-default elementor-section-height-default parallax_section_no qode_elementor_container_no\" data-id=\"7339a57\" data-element_type=\"section\" data-e-type=\"section\">\n\t\t\t\t\t\t\t<div class=\"elementor-background-overlay\"><\/div>\n\t\t\t\t\t\t\t<div class=\"elementor-container elementor-column-gap-default\">\n\t\t\t\t\t<div class=\"elementor-column elementor-col-100 elementor-top-column elementor-element elementor-element-ee975b9\" data-id=\"ee975b9\" data-element_type=\"column\" data-e-type=\"column\">\n\t\t\t<div class=\"elementor-widget-wrap elementor-element-populated\">\n\t\t\t\t\t\t<div class=\"elementor-element elementor-element-591987a elementor-hidden-desktop elementor-hidden-tablet elementor-widget elementor-widget-heading\" data-id=\"591987a\" data-element_type=\"widget\" data-e-type=\"widget\" data-widget_type=\"heading.default\">\n\t\t\t\t<div class=\"elementor-widget-container\">\n\t\t\t\t\t<h1 class=\"elementor-heading-title elementor-size-default\">Find your inner power<\/h1>\t\t\t\t<\/div>\n\t\t\t\t<\/div>\n\t\t\t\t<div class=\"elementor-element elementor-element-da7d45d elementor-widget elementor-widget-heading\" data-id=\"da7d45d\" data-element_type=\"widget\" data-e-type=\"widget\" data-widget_type=\"heading.default\">\n\t\t\t\t<div class=\"elementor-widget-container\">\n\t\t\t\t\t<h1 class=\"elementor-heading-title elementor-size-default\">\u00c9s una manera de viure.<br \/>\nM\u00e9s saludable, m\u00e9s equilibrada, m\u00e9s tu.<br \/>\nSi ets de viure en plenitud, potencia la teva energia amb nosaltres.<br \/>\nPerqu\u00e8 \u00e9s en tu.<\/h1>\t\t\t\t<\/div>\n\t\t\t\t<\/div>\n\t\t\t\t\t<\/div>\n\t\t<\/div>\n\t\t\t\t\t<\/div>\n\t\t<\/section>\n\t\t\t\t<section class=\"elementor-section elementor-top-section elementor-element elementor-element-ada4148 elementor-section-boxed elementor-section-height-default elementor-section-height-default parallax_section_no qode_elementor_container_no\" data-id=\"ada4148\" data-element_type=\"section\" data-e-type=\"section\" id=\"centros\" data-settings=\"{&quot;background_background&quot;:&quot;classic&quot;}\">\n\t\t\t\t\t\t<div class=\"elementor-container elementor-column-gap-default\">\n\t\t\t\t\t<div class=\"elementor-column elementor-col-100 elementor-top-column elementor-element elementor-element-d0ce989\" data-id=\"d0ce989\" data-element_type=\"column\" data-e-type=\"column\">\n\t\t\t<div class=\"elementor-widget-wrap elementor-element-populated\">\n\t\t\t\t\t\t<div class=\"elementor-element elementor-element-cf31a11 elementor-widget elementor-widget-heading\" data-id=\"cf31a11\" data-element_type=\"widget\" data-e-type=\"widget\" data-widget_type=\"heading.default\">\n\t\t\t\t<div class=\"elementor-widget-container\">\n\t\t\t\t\t<h2 class=\"elementor-heading-title elementor-size-default\">ACCEDEIX AL TEU CENTRE<\/h2>\t\t\t\t<\/div>\n\t\t\t\t<\/div>\n\t\t\t\t\t<\/div>\n\t\t<\/div>\n\t\t\t\t\t<\/div>\n\t\t<\/section>\n\t\t\t\t<section class=\"elementor-section elementor-top-section elementor-element elementor-element-4197647 elementor-section-boxed elementor-section-height-default elementor-section-height-default parallax_section_no qode_elementor_container_no\" data-id=\"4197647\" data-element_type=\"section\" data-e-type=\"section\" data-settings=\"{&quot;background_background&quot;:&quot;classic&quot;}\">\n\t\t\t\t\t\t<div class=\"elementor-container elementor-column-gap-default\">\n\t\t\t\t\t<div class=\"elementor-column elementor-col-50 elementor-top-column elementor-element elementor-element-4a75e5f\" data-id=\"4a75e5f\" data-element_type=\"column\" data-e-type=\"column\">\n\t\t\t<div class=\"elementor-widget-wrap elementor-element-populated\">\n\t\t\t\t\t\t<div class=\"elementor-element elementor-element-8c6e386 elementor-align-center subrayado elementor-widget elementor-widget-button\" data-id=\"8c6e386\" data-element_type=\"widget\" data-e-type=\"widget\" data-widget_type=\"button.default\">\n\t\t\t\t<div class=\"elementor-widget-container\">\n\t\t\t\t\t\t\t\t\t<div class=\"elementor-button-wrapper\">\n\t\t\t\t\t<a class=\"elementor-button elementor-button-link elementor-size-sm\" href=\"https:\/\/intuepilates.com\/ca\/barcelona\/\">\n\t\t\t\t\t\t<span class=\"elementor-button-content-wrapper\">\n\t\t\t\t\t\t\t\t\t<span class=\"elementor-button-text\">Barcelona<\/span>\n\t\t\t\t\t<\/span>\n\t\t\t\t\t<\/a>\n\t\t\t\t<\/div>\n\t\t\t\t\t\t\t\t<\/div>\n\t\t\t\t<\/div>\n\t\t\t\t<div class=\"elementor-element elementor-element-a593e64 elementor-widget elementor-widget-heading\" data-id=\"a593e64\" data-element_type=\"widget\" data-e-type=\"widget\" data-widget_type=\"heading.default\">\n\t\t\t\t<div class=\"elementor-widget-container\">\n\t\t\t\t\t<p class=\"elementor-heading-title elementor-size-default\"><strong>INTU\u00c9 Pilates Studio<br \/>\nBARCELONA<\/strong><br \/><br \/>\n\nCarrer Beethoven, 13.<br \/>\n08021 Barcelona.<br \/>\n<a href=\"tel:+34937865727\">+34 937 86 57 27<\/a><br \/>\n<a href=\"mailto:info@intuepilates.com\">info@intuepilates.com<\/a><\/p>\t\t\t\t<\/div>\n\t\t\t\t<\/div>\n\t\t\t\t\t<\/div>\n\t\t<\/div>\n\t\t\t\t<div class=\"elementor-column elementor-col-50 elementor-top-column elementor-element elementor-element-98a755b\" data-id=\"98a755b\" data-element_type=\"column\" data-e-type=\"column\">\n\t\t\t<div class=\"elementor-widget-wrap elementor-element-populated\">\n\t\t\t\t\t\t<div class=\"elementor-element elementor-element-880ef61 elementor-align-center subrayado elementor-widget elementor-widget-button\" data-id=\"880ef61\" data-element_type=\"widget\" data-e-type=\"widget\" data-widget_type=\"button.default\">\n\t\t\t\t<div class=\"elementor-widget-container\">\n\t\t\t\t\t\t\t\t\t<div class=\"elementor-button-wrapper\">\n\t\t\t\t\t<a class=\"elementor-button elementor-button-link elementor-size-sm\" href=\"https:\/\/intuepilates.com\/ca\/palma\/\">\n\t\t\t\t\t\t<span class=\"elementor-button-content-wrapper\">\n\t\t\t\t\t\t\t\t\t<span class=\"elementor-button-text\">Palma de<br \/>Mallorca<\/span>\n\t\t\t\t\t<\/span>\n\t\t\t\t\t<\/a>\n\t\t\t\t<\/div>\n\t\t\t\t\t\t\t\t<\/div>\n\t\t\t\t<\/div>\n\t\t\t\t<div class=\"elementor-element elementor-element-65ea9a5 elementor-widget elementor-widget-heading\" data-id=\"65ea9a5\" data-element_type=\"widget\" data-e-type=\"widget\" data-widget_type=\"heading.default\">\n\t\t\t\t<div class=\"elementor-widget-container\">\n\t\t\t\t\t<p class=\"elementor-heading-title elementor-size-default\"><strong>INTU\u00c9 Pilates Studio<br \/>\nPALMA DE MALLORCA<\/strong><br \/><br \/>\n\nCalle Font i Monteros, n\u00ba 21, bajos.<br \/>\nPalma de Mallorca <br \/>\n<a href=\"tel:+34658638988\">+34 658 63 89 88<\/a><br \/>\n<a href=\"mailto:hola@intuepilates.com\">hola@intuepilates.com<\/a><\/p>\t\t\t\t<\/div>\n\t\t\t\t<\/div>\n\t\t\t\t\t<\/div>\n\t\t<\/div>\n\t\t\t\t\t<\/div>\n\t\t<\/section>\n\t\t\t\t<section class=\"elementor-section elementor-top-section elementor-element elementor-element-054618f elementor-section-boxed elementor-section-height-default elementor-section-height-default parallax_section_no qode_elementor_container_no\" data-id=\"054618f\" data-element_type=\"section\" data-e-type=\"section\" id=\"nosotros\" data-settings=\"{&quot;background_background&quot;:&quot;classic&quot;}\">\n\t\t\t\t\t\t<div class=\"elementor-container elementor-column-gap-default\">\n\t\t\t\t\t<div class=\"elementor-column elementor-col-50 elementor-top-column elementor-element elementor-element-56777cb\" data-id=\"56777cb\" data-element_type=\"column\" data-e-type=\"column\">\n\t\t\t<div class=\"elementor-widget-wrap elementor-element-populated\">\n\t\t\t\t\t\t<div class=\"elementor-element elementor-element-4b215c3 elementor-widget elementor-widget-heading\" data-id=\"4b215c3\" data-element_type=\"widget\" data-e-type=\"widget\" data-widget_type=\"heading.default\">\n\t\t\t\t<div class=\"elementor-widget-container\">\n\t\t\t\t\t<h2 class=\"elementor-heading-title elementor-size-default\">NOSALTRES<\/h2>\t\t\t\t<\/div>\n\t\t\t\t<\/div>\n\t\t\t\t<div class=\"elementor-element elementor-element-afde4f6 elementor-widget elementor-widget-heading\" data-id=\"afde4f6\" data-element_type=\"widget\" data-e-type=\"widget\" data-widget_type=\"heading.default\">\n\t\t\t\t<div class=\"elementor-widget-container\">\n\t\t\t\t\t<h4 class=\"elementor-heading-title elementor-size-default\">INTU\u00c9 Pilates Studio, \u00e9s una nova proposta de centres de pilates reformer 100% pensada perqu\u00e8 et sentis m\u00e9s fort per dins i per fora.<br \/><br \/>\n\nEl nostre enfocament combina precisi\u00f3, control i flu\u00efdesa en cada moviment, ajudant-te a assolir un equilibri entre cos i ment.<br \/><br \/>\n\nAmb instructors altament capacitats i un ambient dissenyat per a la relaxaci\u00f3 i el confort, oferim un espai on el luxe i la salut es troben. Aqu\u00ed, cada sessi\u00f3 est\u00e0 dissenyada per potenciar el teu benestar i brindar-te una experi\u00e8ncia \u00fanica de pilates premium.<\/h4>\t\t\t\t<\/div>\n\t\t\t\t<\/div>\n\t\t\t\t<div class=\"elementor-element elementor-element-e8a5981 elementor-widget elementor-widget-spacer\" data-id=\"e8a5981\" data-element_type=\"widget\" data-e-type=\"widget\" data-widget_type=\"spacer.default\">\n\t\t\t\t<div class=\"elementor-widget-container\">\n\t\t\t\t\t\t\t<div class=\"elementor-spacer\">\n\t\t\t<div class=\"elementor-spacer-inner\"><\/div>\n\t\t<\/div>\n\t\t\t\t\t\t<\/div>\n\t\t\t\t<\/div>\n\t\t\t\t<div class=\"elementor-element elementor-element-d5ab612 elementor-widget elementor-widget-heading\" data-id=\"d5ab612\" data-element_type=\"widget\" data-e-type=\"widget\" data-widget_type=\"heading.default\">\n\t\t\t\t<div class=\"elementor-widget-container\">\n\t\t\t\t\t<h3 class=\"elementor-heading-title elementor-size-default\">Descobreix l'excel\u00b7l\u00e8ncia a cada moviment<\/h3>\t\t\t\t<\/div>\n\t\t\t\t<\/div>\n\t\t\t\t<div class=\"elementor-element elementor-element-6a6044a elementor-widget elementor-widget-spacer\" data-id=\"6a6044a\" data-element_type=\"widget\" data-e-type=\"widget\" data-widget_type=\"spacer.default\">\n\t\t\t\t<div class=\"elementor-widget-container\">\n\t\t\t\t\t\t\t<div class=\"elementor-spacer\">\n\t\t\t<div class=\"elementor-spacer-inner\"><\/div>\n\t\t<\/div>\n\t\t\t\t\t\t<\/div>\n\t\t\t\t<\/div>\n\t\t\t\t<div class=\"elementor-element elementor-element-3b21190 elementor-widget elementor-widget-spacer\" data-id=\"3b21190\" data-element_type=\"widget\" data-e-type=\"widget\" data-widget_type=\"spacer.default\">\n\t\t\t\t<div class=\"elementor-widget-container\">\n\t\t\t\t\t\t\t<div class=\"elementor-spacer\">\n\t\t\t<div class=\"elementor-spacer-inner\"><\/div>\n\t\t<\/div>\n\t\t\t\t\t\t<\/div>\n\t\t\t\t<\/div>\n\t\t\t\t\t<\/div>\n\t\t<\/div>\n\t\t\t\t<div class=\"elementor-column elementor-col-50 elementor-top-column elementor-element elementor-element-4427542\" data-id=\"4427542\" data-element_type=\"column\" data-e-type=\"column\" data-settings=\"{&quot;animation&quot;:&quot;none&quot;}\">\n\t\t\t<div class=\"elementor-widget-wrap elementor-element-populated\">\n\t\t\t\t\t\t<div class=\"elementor-element elementor-element-6f22f62 elementor-widget elementor-widget-image\" data-id=\"6f22f62\" data-element_type=\"widget\" data-e-type=\"widget\" data-settings=\"{&quot;_animation&quot;:&quot;none&quot;}\" data-widget_type=\"image.default\">\n\t\t\t\t<div class=\"elementor-widget-container\">\n\t\t\t\t\t\t\t\t\t\t\t\t\t\t\t<img fetchpriority=\"high\" decoding=\"async\" width=\"800\" height=\"1200\" src=\"https:\/\/intuepilates.com\/wp-content\/uploads\/2024\/12\/nosotros_intue_pilates.jpg\" class=\"attachment-full size-full wp-image-1834\" alt=\"Nosotros - INTU\u00c9 Pilates Studio\" srcset=\"https:\/\/intuepilates.com\/wp-content\/uploads\/2024\/12\/nosotros_intue_pilates.jpg 800w, https:\/\/intuepilates.com\/wp-content\/uploads\/2024\/12\/nosotros_intue_pilates-200x300.jpg 200w, https:\/\/intuepilates.com\/wp-content\/uploads\/2024\/12\/nosotros_intue_pilates-683x1024.jpg 683w, https:\/\/intuepilates.com\/wp-content\/uploads\/2024\/12\/nosotros_intue_pilates-768x1152.jpg 768w, https:\/\/intuepilates.com\/wp-content\/uploads\/2024\/12\/nosotros_intue_pilates-700x1050.jpg 700w\" sizes=\"(max-width: 800px) 100vw, 800px\" \/>\t\t\t\t\t\t\t\t\t\t\t\t\t\t\t<\/div>\n\t\t\t\t<\/div>\n\t\t\t\t\t<\/div>\n\t\t<\/div>\n\t\t\t\t\t<\/div>\n\t\t<\/section>\n\t\t\t\t<\/div>","protected":false},"excerpt":{"rendered":"<p>Find your inner power Es una forma de vivir. M\u00e1s saludable, m\u00e1s equilibrada, m\u00e1s t\u00fa. Si eres de vivir en plenitud, potencia tu energ\u00eda con nosotros. Porque est\u00e1 en ti. ACCEDE A TU CENTRO Barcelona INTU\u00c9 Pilates Studio BARCELONA Carrer Beethoven, 13. 08021 Barcelona. +34&#8230;<\/p>","protected":false},"author":1,"featured_media":0,"parent":0,"menu_order":0,"comment_status":"closed","ping_status":"closed","template":"full_width.php","meta":{"footnotes":""},"class_list":["post-175","page","type-page","status-publish","hentry"],"yoast_head":"<!-- This site is optimized with the Yoast SEO plugin v26.9 - https:\/\/yoast.com\/product\/yoast-seo-wordpress\/ -->\n<title>Centros de Pilates Reformer | INTU\u00c9 Pilates<\/title>\n<meta name=\"description\" content=\"INTU\u00c9 Pilates Studio es una propuesta de centros de pilates reformer para que te sientas m\u00e1s fuerte por dentro y por fuera. En BCN y Palma de Mallorca.\" \/>\n<meta name=\"robots\" content=\"index, follow, max-snippet:-1, max-image-preview:large, max-video-preview:-1\" \/>\n<link rel=\"canonical\" href=\"https:\/\/intuepilates.com\/ca\/\" \/>\n<meta property=\"og:locale\" content=\"ca_ES\" \/>\n<meta property=\"og:type\" content=\"article\" \/>\n<meta property=\"og:title\" content=\"Centros de Pilates Reformer | INTU\u00c9 Pilates\" \/>\n<meta property=\"og:description\" content=\"INTU\u00c9 Pilates Studio es una propuesta de centros de pilates reformer para que te sientas m\u00e1s fuerte por dentro y por fuera. En BCN y Palma de Mallorca.\" \/>\n<meta property=\"og:url\" content=\"https:\/\/intuepilates.com\/ca\/\" \/>\n<meta property=\"og:site_name\" content=\"INTU\u00c9 Pilates\" \/>\n<meta property=\"article:modified_time\" content=\"2025-08-31T16:36:57+00:00\" \/>\n<meta property=\"og:image\" content=\"https:\/\/intuepilates.com\/wp-content\/uploads\/2024\/12\/nosotros_intue_pilates.jpg\" \/>\n<meta name=\"twitter:card\" content=\"summary_large_image\" \/>\n<meta name=\"twitter:label1\" content=\"Temps estimat de lectura\" \/>\n\t<meta name=\"twitter:data1\" content=\"1 minut\" \/>\n<script type=\"application\/ld+json\" class=\"yoast-schema-graph\">{\"@context\":\"https:\/\/schema.org\",\"@graph\":[{\"@type\":\"WebPage\",\"@id\":\"https:\/\/intuepilates.com\/\",\"url\":\"https:\/\/intuepilates.com\/\",\"name\":\"Centros de Pilates Reformer | INTU\u00c9 Pilates\",\"isPartOf\":{\"@id\":\"https:\/\/intuepilates.com\/#website\"},\"primaryImageOfPage\":{\"@id\":\"https:\/\/intuepilates.com\/#primaryimage\"},\"image\":{\"@id\":\"https:\/\/intuepilates.com\/#primaryimage\"},\"thumbnailUrl\":\"https:\/\/intuepilates.com\/wp-content\/uploads\/2024\/12\/nosotros_intue_pilates.jpg\",\"datePublished\":\"2021-07-23T10:18:40+00:00\",\"dateModified\":\"2025-08-31T16:36:57+00:00\",\"description\":\"INTU\u00c9 Pilates Studio es una propuesta de centros de pilates reformer para que te sientas m\u00e1s fuerte por dentro y por fuera. En BCN y Palma de Mallorca.\",\"breadcrumb\":{\"@id\":\"https:\/\/intuepilates.com\/#breadcrumb\"},\"inLanguage\":\"ca\",\"potentialAction\":[{\"@type\":\"ReadAction\",\"target\":[\"https:\/\/intuepilates.com\/\"]}]},{\"@type\":\"ImageObject\",\"inLanguage\":\"ca\",\"@id\":\"https:\/\/intuepilates.com\/#primaryimage\",\"url\":\"https:\/\/intuepilates.com\/wp-content\/uploads\/2024\/12\/nosotros_intue_pilates.jpg\",\"contentUrl\":\"https:\/\/intuepilates.com\/wp-content\/uploads\/2024\/12\/nosotros_intue_pilates.jpg\"},{\"@type\":\"BreadcrumbList\",\"@id\":\"https:\/\/intuepilates.com\/#breadcrumb\",\"itemListElement\":[{\"@type\":\"ListItem\",\"position\":1,\"name\":\"Inici\",\"item\":\"https:\/\/intuepilates.com\/\"},{\"@type\":\"ListItem\",\"position\":2,\"name\":\"Home\"}]},{\"@type\":\"WebSite\",\"@id\":\"https:\/\/intuepilates.com\/#website\",\"url\":\"https:\/\/intuepilates.com\/\",\"name\":\"INTU\u00c9 Pilates\",\"description\":\"INTU\u00c9 Pilates Studio\",\"publisher\":{\"@id\":\"https:\/\/intuepilates.com\/#organization\"},\"alternateName\":\"INTU\u00c9 Pilates Studio\",\"potentialAction\":[{\"@type\":\"SearchAction\",\"target\":{\"@type\":\"EntryPoint\",\"urlTemplate\":\"https:\/\/intuepilates.com\/?s={search_term_string}\"},\"query-input\":{\"@type\":\"PropertyValueSpecification\",\"valueRequired\":true,\"valueName\":\"search_term_string\"}}],\"inLanguage\":\"ca\"},{\"@type\":\"Organization\",\"@id\":\"https:\/\/intuepilates.com\/#organization\",\"name\":\"INTU\u00c9 Pilates Studio\",\"alternateName\":\"INTU\u00c9 Pilates\",\"url\":\"https:\/\/intuepilates.com\/\",\"logo\":{\"@type\":\"ImageObject\",\"inLanguage\":\"ca\",\"@id\":\"https:\/\/intuepilates.com\/#\/schema\/logo\/image\/\",\"url\":\"https:\/\/intuepilates.com\/wp-content\/uploads\/2024\/12\/INTUE_PILATES_1.svg\",\"contentUrl\":\"https:\/\/intuepilates.com\/wp-content\/uploads\/2024\/12\/INTUE_PILATES_1.svg\",\"width\":200,\"height\":104,\"caption\":\"INTU\u00c9 Pilates Studio\"},\"image\":{\"@id\":\"https:\/\/intuepilates.com\/#\/schema\/logo\/image\/\"},\"sameAs\":[\"https:\/\/www.instagram.com\/intuepilates\"]}]}<\/script>\n<!-- \/ Yoast SEO plugin. -->","yoast_head_json":{"title":"Centros de Pilates Reformer | INTU\u00c9 Pilates","description":"INTU\u00c9 Pilates Studio es una propuesta de centros de pilates reformer para que te sientas m\u00e1s fuerte por dentro y por fuera. En BCN y Palma de Mallorca.","robots":{"index":"index","follow":"follow","max-snippet":"max-snippet:-1","max-image-preview":"max-image-preview:large","max-video-preview":"max-video-preview:-1"},"canonical":"https:\/\/intuepilates.com\/ca\/","og_locale":"ca_ES","og_type":"article","og_title":"Centros de Pilates Reformer | INTU\u00c9 Pilates","og_description":"INTU\u00c9 Pilates Studio es una propuesta de centros de pilates reformer para que te sientas m\u00e1s fuerte por dentro y por fuera. En BCN y Palma de Mallorca.","og_url":"https:\/\/intuepilates.com\/ca\/","og_site_name":"INTU\u00c9 Pilates","article_modified_time":"2025-08-31T16:36:57+00:00","og_image":[{"url":"https:\/\/intuepilates.com\/wp-content\/uploads\/2024\/12\/nosotros_intue_pilates.jpg","type":"","width":"","height":""}],"twitter_card":"summary_large_image","twitter_misc":{"Temps estimat de lectura":"1 minut"},"schema":{"@context":"https:\/\/schema.org","@graph":[{"@type":"WebPage","@id":"https:\/\/intuepilates.com\/","url":"https:\/\/intuepilates.com\/","name":"Centros de Pilates Reformer | INTU\u00c9 Pilates","isPartOf":{"@id":"https:\/\/intuepilates.com\/#website"},"primaryImageOfPage":{"@id":"https:\/\/intuepilates.com\/#primaryimage"},"image":{"@id":"https:\/\/intuepilates.com\/#primaryimage"},"thumbnailUrl":"https:\/\/intuepilates.com\/wp-content\/uploads\/2024\/12\/nosotros_intue_pilates.jpg","datePublished":"2021-07-23T10:18:40+00:00","dateModified":"2025-08-31T16:36:57+00:00","description":"INTU\u00c9 Pilates Studio es una propuesta de centros de pilates reformer para que te sientas m\u00e1s fuerte por dentro y por fuera. En BCN y Palma de Mallorca.","breadcrumb":{"@id":"https:\/\/intuepilates.com\/#breadcrumb"},"inLanguage":"ca","potentialAction":[{"@type":"ReadAction","target":["https:\/\/intuepilates.com\/"]}]},{"@type":"ImageObject","inLanguage":"ca","@id":"https:\/\/intuepilates.com\/#primaryimage","url":"https:\/\/intuepilates.com\/wp-content\/uploads\/2024\/12\/nosotros_intue_pilates.jpg","contentUrl":"https:\/\/intuepilates.com\/wp-content\/uploads\/2024\/12\/nosotros_intue_pilates.jpg"},{"@type":"BreadcrumbList","@id":"https:\/\/intuepilates.com\/#breadcrumb","itemListElement":[{"@type":"ListItem","position":1,"name":"Inici","item":"https:\/\/intuepilates.com\/"},{"@type":"ListItem","position":2,"name":"Home"}]},{"@type":"WebSite","@id":"https:\/\/intuepilates.com\/#website","url":"https:\/\/intuepilates.com\/","name":"INTU\u00c9 Pilates","description":"INTU\u00c9 Pilates Studio","publisher":{"@id":"https:\/\/intuepilates.com\/#organization"},"alternateName":"INTU\u00c9 Pilates Studio","potentialAction":[{"@type":"SearchAction","target":{"@type":"EntryPoint","urlTemplate":"https:\/\/intuepilates.com\/?s={search_term_string}"},"query-input":{"@type":"PropertyValueSpecification","valueRequired":true,"valueName":"search_term_string"}}],"inLanguage":"ca"},{"@type":"Organization","@id":"https:\/\/intuepilates.com\/#organization","name":"INTU\u00c9 Pilates Studio","alternateName":"INTU\u00c9 Pilates","url":"https:\/\/intuepilates.com\/","logo":{"@type":"ImageObject","inLanguage":"ca","@id":"https:\/\/intuepilates.com\/#\/schema\/logo\/image\/","url":"https:\/\/intuepilates.com\/wp-content\/uploads\/2024\/12\/INTUE_PILATES_1.svg","contentUrl":"https:\/\/intuepilates.com\/wp-content\/uploads\/2024\/12\/INTUE_PILATES_1.svg","width":200,"height":104,"caption":"INTU\u00c9 Pilates Studio"},"image":{"@id":"https:\/\/intuepilates.com\/#\/schema\/logo\/image\/"},"sameAs":["https:\/\/www.instagram.com\/intuepilates"]}]}},"_links":{"self":[{"href":"https:\/\/intuepilates.com\/ca\/wp-json\/wp\/v2\/pages\/175","targetHints":{"allow":["GET"]}}],"collection":[{"href":"https:\/\/intuepilates.com\/ca\/wp-json\/wp\/v2\/pages"}],"about":[{"href":"https:\/\/intuepilates.com\/ca\/wp-json\/wp\/v2\/types\/page"}],"author":[{"embeddable":true,"href":"https:\/\/intuepilates.com\/ca\/wp-json\/wp\/v2\/users\/1"}],"replies":[{"embeddable":true,"href":"https:\/\/intuepilates.com\/ca\/wp-json\/wp\/v2\/comments?post=175"}],"version-history":[{"count":313,"href":"https:\/\/intuepilates.com\/ca\/wp-json\/wp\/v2\/pages\/175\/revisions"}],"predecessor-version":[{"id":2926,"href":"https:\/\/intuepilates.com\/ca\/wp-json\/wp\/v2\/pages\/175\/revisions\/2926"}],"wp:attachment":[{"href":"https:\/\/intuepilates.com\/ca\/wp-json\/wp\/v2\/media?parent=175"}],"curies":[{"name":"wp","href":"https:\/\/api.w.org\/{rel}","templated":true}]}}