{"id":2465,"date":"2024-12-05T15:59:54","date_gmt":"2024-12-05T14:59:54","guid":{"rendered":"https:\/\/intuepilates.com\/?page_id=2465"},"modified":"2025-08-31T18:40:00","modified_gmt":"2025-08-31T16:40:00","slug":"horarios-actividades-palma","status":"publish","type":"page","link":"https:\/\/intuepilates.com\/ca\/horarios-actividades-palma\/","title":{"rendered":"Horarios Palma de Mallorca"},"content":{"rendered":"<div data-elementor-type=\"wp-page\" data-elementor-id=\"2465\" class=\"elementor elementor-2465\">\n\t\t\t\t\t\t<section class=\"elementor-section elementor-top-section elementor-element elementor-element-99a0377 elementor-section-full_width elementor-section-height-default elementor-section-height-default parallax_section_no qode_elementor_container_no\" data-id=\"99a0377\" data-element_type=\"section\" data-e-type=\"section\">\n\t\t\t\t\t\t\t<div class=\"elementor-background-overlay\"><\/div>\n\t\t\t\t\t\t\t<div class=\"elementor-container elementor-column-gap-default\">\n\t\t\t\t\t<div class=\"elementor-column elementor-col-100 elementor-top-column elementor-element elementor-element-e234db8\" data-id=\"e234db8\" data-element_type=\"column\" data-e-type=\"column\">\n\t\t\t<div class=\"elementor-widget-wrap elementor-element-populated\">\n\t\t\t\t\t\t<div class=\"elementor-element elementor-element-1b7bc39 elementor-hidden-desktop elementor-hidden-tablet elementor-widget elementor-widget-heading\" data-id=\"1b7bc39\" data-element_type=\"widget\" data-e-type=\"widget\" data-widget_type=\"heading.default\">\n\t\t\t\t<div class=\"elementor-widget-container\">\n\t\t\t\t\t<h1 class=\"elementor-heading-title elementor-size-default\">Find your inner power<\/h1>\t\t\t\t<\/div>\n\t\t\t\t<\/div>\n\t\t\t\t<div class=\"elementor-element elementor-element-913a61d elementor-widget elementor-widget-heading\" data-id=\"913a61d\" data-element_type=\"widget\" data-e-type=\"widget\" data-widget_type=\"heading.default\">\n\t\t\t\t<div class=\"elementor-widget-container\">\n\t\t\t\t\t<h1 class=\"elementor-heading-title elementor-size-default\">\u00c9s una manera de viure.<br \/>\nM\u00e9s saludable, m\u00e9s equilibrada, m\u00e9s tu.<br \/>\nSi ets de viure en plenitud, potencia la teva energia amb nosaltres.<br \/>\nPerqu\u00e8 \u00e9s en tu.<\/h1>\t\t\t\t<\/div>\n\t\t\t\t<\/div>\n\t\t\t\t\t<\/div>\n\t\t<\/div>\n\t\t\t\t\t<\/div>\n\t\t<\/section>\n\t\t\t\t<section class=\"elementor-section elementor-top-section elementor-element elementor-element-79bf4b2 elementor-section-boxed elementor-section-height-default elementor-section-height-default parallax_section_no qode_elementor_container_no\" data-id=\"79bf4b2\" data-element_type=\"section\" data-e-type=\"section\" data-settings=\"{&quot;background_background&quot;:&quot;classic&quot;}\">\n\t\t\t\t\t\t<div class=\"elementor-container elementor-column-gap-default\">\n\t\t\t\t\t<div class=\"elementor-column elementor-col-100 elementor-top-column elementor-element elementor-element-4d4c379\" data-id=\"4d4c379\" data-element_type=\"column\" data-e-type=\"column\">\n\t\t\t<div class=\"elementor-widget-wrap elementor-element-populated\">\n\t\t\t\t\t\t<div class=\"elementor-element elementor-element-04f7c06 elementor-widget elementor-widget-heading\" data-id=\"04f7c06\" data-element_type=\"widget\" data-e-type=\"widget\" data-widget_type=\"heading.default\">\n\t\t\t\t<div class=\"elementor-widget-container\">\n\t\t\t\t\t<h2 class=\"elementor-heading-title elementor-size-default\">HORARIS<\/h2>\t\t\t\t<\/div>\n\t\t\t\t<\/div>\n\t\t\t\t<div class=\"elementor-element elementor-element-17d506b elementor-widget elementor-widget-heading\" data-id=\"17d506b\" data-element_type=\"widget\" data-e-type=\"widget\" data-widget_type=\"heading.default\">\n\t\t\t\t<div class=\"elementor-widget-container\">\n\t\t\t\t\t<h3 class=\"elementor-heading-title elementor-size-default\">INTU\u00c9 Pilates Studio<br \/>\nPALMA DE MALLORCA\n<\/h3>\t\t\t\t<\/div>\n\t\t\t\t<\/div>\n\t\t\t\t<div class=\"elementor-element elementor-element-42dd0ea elementor-widget elementor-widget-spacer\" data-id=\"42dd0ea\" data-element_type=\"widget\" data-e-type=\"widget\" data-widget_type=\"spacer.default\">\n\t\t\t\t<div class=\"elementor-widget-container\">\n\t\t\t\t\t\t\t<div class=\"elementor-spacer\">\n\t\t\t<div class=\"elementor-spacer-inner\"><\/div>\n\t\t<\/div>\n\t\t\t\t\t\t<\/div>\n\t\t\t\t<\/div>\n\t\t\t\t<div class=\"elementor-element elementor-element-e13d2df elementor-widget elementor-widget-html\" data-id=\"e13d2df\" data-element_type=\"widget\" data-e-type=\"widget\" data-widget_type=\"html.default\">\n\t\t\t\t<div class=\"elementor-widget-container\">\n\t\t\t\t\t<script id=\"insert-bsport-widget-cdn\">!function (b, s, p, o, r, t) { !typeof window.BsportWidget !== \"undefined\" && !document.getElementById(\"bsport-widget-cdn\") && !function () { m = b.createElement(s), m.id = \"bsport-widget-cdn\", m.src = p, b.getElementsByTagName(\"head\")[0].appendChild(m) }() }(document, \"script\", \"https:\/\/cdn.bsport.io\/scripts\/widget.js\")<\/script>\n    <script id=\"bsport-widget-mount\">\n        function MountBsportWidget(config, repeat=1) {\n            if (repeat > 50) { return }\n            if (!window.BsportWidget) {\n                return setTimeout(() => {\n                    MountBsportWidget(config,repeat+1)\n                }, 100 * repeat || 1)\n            }\n            BsportWidget.mount(config)\n        }\n    <\/script>\n    <script>\n        MountBsportWidget({\n                \"parentElement\": \"bsport-widget-994589\",\n                \"companyId\": 3406,\n                \"franchiseId\": null,\n                \"dialogMode\": 1,\n                \"widgetType\": \"calendar\", \n                \"showFab\": false,\n                \"fullScreenPopup\": false,\n                \"styles\":undefined,\n                \"config\": {\n                    \"calendar\": {}\n                }  \n            })\n    <\/script>\n<div id=\"bsport-widget-994589\"><\/div>\t\t\t\t<\/div>\n\t\t\t\t<\/div>\n\t\t\t\t<div class=\"elementor-element elementor-element-f49c130 elementor-widget elementor-widget-spacer\" data-id=\"f49c130\" data-element_type=\"widget\" data-e-type=\"widget\" data-widget_type=\"spacer.default\">\n\t\t\t\t<div class=\"elementor-widget-container\">\n\t\t\t\t\t\t\t<div class=\"elementor-spacer\">\n\t\t\t<div class=\"elementor-spacer-inner\"><\/div>\n\t\t<\/div>\n\t\t\t\t\t\t<\/div>\n\t\t\t\t<\/div>\n\t\t\t\t<div class=\"elementor-element elementor-element-0116acb elementor-widget elementor-widget-spacer\" data-id=\"0116acb\" data-element_type=\"widget\" data-e-type=\"widget\" data-widget_type=\"spacer.default\">\n\t\t\t\t<div class=\"elementor-widget-container\">\n\t\t\t\t\t\t\t<div class=\"elementor-spacer\">\n\t\t\t<div class=\"elementor-spacer-inner\"><\/div>\n\t\t<\/div>\n\t\t\t\t\t\t<\/div>\n\t\t\t\t<\/div>\n\t\t\t\t<div class=\"elementor-element elementor-element-d43783c elementor-align-center elementor-widget__width-initial elementor-widget elementor-widget-button\" data-id=\"d43783c\" data-element_type=\"widget\" data-e-type=\"widget\" data-widget_type=\"button.default\">\n\t\t\t\t<div class=\"elementor-widget-container\">\n\t\t\t\t\t\t\t\t\t<div class=\"elementor-button-wrapper\">\n\t\t\t\t\t<a class=\"elementor-button elementor-button-link elementor-size-sm\" href=\"https:\/\/intuepilates.com\/ca\/palma\/#contacto\">\n\t\t\t\t\t\t<span class=\"elementor-button-content-wrapper\">\n\t\t\t\t\t\t\t\t\t<span class=\"elementor-button-text\">CONTACTA'NS<\/span>\n\t\t\t\t\t<\/span>\n\t\t\t\t\t<\/a>\n\t\t\t\t<\/div>\n\t\t\t\t\t\t\t\t<\/div>\n\t\t\t\t<\/div>\n\t\t\t\t\t<\/div>\n\t\t<\/div>\n\t\t\t\t\t<\/div>\n\t\t<\/section>\n\t\t\t\t<\/div>","protected":false},"excerpt":{"rendered":"<p>Find your inner power Es una forma de vivir. M\u00e1s saludable, m\u00e1s equilibrada, m\u00e1s t\u00fa. Si eres de vivir en plenitud, potencia tu energ\u00eda con nosotros. Porque est\u00e1 en ti. HORARIOS INTU\u00c9 Pilates Studio PALMA DE MALLORCA CONT\u00c1CTANOS<\/p>","protected":false},"author":1,"featured_media":0,"parent":0,"menu_order":0,"comment_status":"closed","ping_status":"closed","template":"full_width.php","meta":{"footnotes":""},"class_list":["post-2465","page","type-page","status-publish","hentry"],"yoast_head":"<!-- This site is optimized with the Yoast SEO plugin v26.9 - https:\/\/yoast.com\/product\/yoast-seo-wordpress\/ -->\n<title>Horarios Palma de Mallorca Pilates Reformer | INTU\u00c9 Pilates<\/title>\n<meta name=\"description\" content=\"Consulta los horarios y calendario de actividades de Intu\u00e9 Pilates Studio Palma de Mallorca. \u00a1Entra ahora!\" \/>\n<meta name=\"robots\" content=\"index, follow, max-snippet:-1, max-image-preview:large, max-video-preview:-1\" \/>\n<link rel=\"canonical\" href=\"https:\/\/intuepilates.com\/ca\/horarios-actividades-palma\/\" \/>\n<meta property=\"og:locale\" content=\"ca_ES\" \/>\n<meta property=\"og:type\" content=\"article\" \/>\n<meta property=\"og:title\" content=\"Horarios Palma de Mallorca Pilates Reformer | INTU\u00c9 Pilates\" \/>\n<meta property=\"og:description\" content=\"Consulta los horarios y calendario de actividades de Intu\u00e9 Pilates Studio Palma de Mallorca. \u00a1Entra ahora!\" \/>\n<meta property=\"og:url\" content=\"https:\/\/intuepilates.com\/ca\/horarios-actividades-palma\/\" \/>\n<meta property=\"og:site_name\" content=\"INTU\u00c9 Pilates\" \/>\n<meta property=\"article:modified_time\" content=\"2025-08-31T16:40:00+00:00\" \/>\n<meta name=\"twitter:card\" content=\"summary_large_image\" \/>\n<script type=\"application\/ld+json\" class=\"yoast-schema-graph\">{\"@context\":\"https:\/\/schema.org\",\"@graph\":[{\"@type\":\"WebPage\",\"@id\":\"https:\/\/intuepilates.com\/horarios-actividades-palma\/\",\"url\":\"https:\/\/intuepilates.com\/horarios-actividades-palma\/\",\"name\":\"Horarios Palma de Mallorca Pilates Reformer | INTU\u00c9 Pilates\",\"isPartOf\":{\"@id\":\"https:\/\/intuepilates.com\/#website\"},\"datePublished\":\"2024-12-05T14:59:54+00:00\",\"dateModified\":\"2025-08-31T16:40:00+00:00\",\"description\":\"Consulta los horarios y calendario de actividades de Intu\u00e9 Pilates Studio Palma de Mallorca. \u00a1Entra ahora!\",\"breadcrumb\":{\"@id\":\"https:\/\/intuepilates.com\/horarios-actividades-palma\/#breadcrumb\"},\"inLanguage\":\"ca\",\"potentialAction\":[{\"@type\":\"ReadAction\",\"target\":[\"https:\/\/intuepilates.com\/horarios-actividades-palma\/\"]}]},{\"@type\":\"BreadcrumbList\",\"@id\":\"https:\/\/intuepilates.com\/horarios-actividades-palma\/#breadcrumb\",\"itemListElement\":[{\"@type\":\"ListItem\",\"position\":1,\"name\":\"Inici\",\"item\":\"https:\/\/intuepilates.com\/\"},{\"@type\":\"ListItem\",\"position\":2,\"name\":\"Horarios Palma de Mallorca\"}]},{\"@type\":\"WebSite\",\"@id\":\"https:\/\/intuepilates.com\/#website\",\"url\":\"https:\/\/intuepilates.com\/\",\"name\":\"INTU\u00c9 Pilates\",\"description\":\"INTU\u00c9 Pilates Studio\",\"publisher\":{\"@id\":\"https:\/\/intuepilates.com\/#organization\"},\"alternateName\":\"INTU\u00c9 Pilates Studio\",\"potentialAction\":[{\"@type\":\"SearchAction\",\"target\":{\"@type\":\"EntryPoint\",\"urlTemplate\":\"https:\/\/intuepilates.com\/?s={search_term_string}\"},\"query-input\":{\"@type\":\"PropertyValueSpecification\",\"valueRequired\":true,\"valueName\":\"search_term_string\"}}],\"inLanguage\":\"ca\"},{\"@type\":\"Organization\",\"@id\":\"https:\/\/intuepilates.com\/#organization\",\"name\":\"INTU\u00c9 Pilates Studio\",\"alternateName\":\"INTU\u00c9 Pilates\",\"url\":\"https:\/\/intuepilates.com\/\",\"logo\":{\"@type\":\"ImageObject\",\"inLanguage\":\"ca\",\"@id\":\"https:\/\/intuepilates.com\/#\/schema\/logo\/image\/\",\"url\":\"https:\/\/intuepilates.com\/wp-content\/uploads\/2024\/12\/INTUE_PILATES_1.svg\",\"contentUrl\":\"https:\/\/intuepilates.com\/wp-content\/uploads\/2024\/12\/INTUE_PILATES_1.svg\",\"width\":200,\"height\":104,\"caption\":\"INTU\u00c9 Pilates Studio\"},\"image\":{\"@id\":\"https:\/\/intuepilates.com\/#\/schema\/logo\/image\/\"},\"sameAs\":[\"https:\/\/www.instagram.com\/intuepilates\"]}]}<\/script>\n<!-- \/ Yoast SEO plugin. -->","yoast_head_json":{"title":"Horarios Palma de Mallorca Pilates Reformer | INTU\u00c9 Pilates","description":"Consulta los horarios y calendario de actividades de Intu\u00e9 Pilates Studio Palma de Mallorca. \u00a1Entra ahora!","robots":{"index":"index","follow":"follow","max-snippet":"max-snippet:-1","max-image-preview":"max-image-preview:large","max-video-preview":"max-video-preview:-1"},"canonical":"https:\/\/intuepilates.com\/ca\/horarios-actividades-palma\/","og_locale":"ca_ES","og_type":"article","og_title":"Horarios Palma de Mallorca Pilates Reformer | INTU\u00c9 Pilates","og_description":"Consulta los horarios y calendario de actividades de Intu\u00e9 Pilates Studio Palma de Mallorca. \u00a1Entra ahora!","og_url":"https:\/\/intuepilates.com\/ca\/horarios-actividades-palma\/","og_site_name":"INTU\u00c9 Pilates","article_modified_time":"2025-08-31T16:40:00+00:00","twitter_card":"summary_large_image","schema":{"@context":"https:\/\/schema.org","@graph":[{"@type":"WebPage","@id":"https:\/\/intuepilates.com\/horarios-actividades-palma\/","url":"https:\/\/intuepilates.com\/horarios-actividades-palma\/","name":"Horarios Palma de Mallorca Pilates Reformer | INTU\u00c9 Pilates","isPartOf":{"@id":"https:\/\/intuepilates.com\/#website"},"datePublished":"2024-12-05T14:59:54+00:00","dateModified":"2025-08-31T16:40:00+00:00","description":"Consulta los horarios y calendario de actividades de Intu\u00e9 Pilates Studio Palma de Mallorca. \u00a1Entra ahora!","breadcrumb":{"@id":"https:\/\/intuepilates.com\/horarios-actividades-palma\/#breadcrumb"},"inLanguage":"ca","potentialAction":[{"@type":"ReadAction","target":["https:\/\/intuepilates.com\/horarios-actividades-palma\/"]}]},{"@type":"BreadcrumbList","@id":"https:\/\/intuepilates.com\/horarios-actividades-palma\/#breadcrumb","itemListElement":[{"@type":"ListItem","position":1,"name":"Inici","item":"https:\/\/intuepilates.com\/"},{"@type":"ListItem","position":2,"name":"Horarios Palma de Mallorca"}]},{"@type":"WebSite","@id":"https:\/\/intuepilates.com\/#website","url":"https:\/\/intuepilates.com\/","name":"INTU\u00c9 Pilates","description":"INTU\u00c9 Pilates Studio","publisher":{"@id":"https:\/\/intuepilates.com\/#organization"},"alternateName":"INTU\u00c9 Pilates Studio","potentialAction":[{"@type":"SearchAction","target":{"@type":"EntryPoint","urlTemplate":"https:\/\/intuepilates.com\/?s={search_term_string}"},"query-input":{"@type":"PropertyValueSpecification","valueRequired":true,"valueName":"search_term_string"}}],"inLanguage":"ca"},{"@type":"Organization","@id":"https:\/\/intuepilates.com\/#organization","name":"INTU\u00c9 Pilates Studio","alternateName":"INTU\u00c9 Pilates","url":"https:\/\/intuepilates.com\/","logo":{"@type":"ImageObject","inLanguage":"ca","@id":"https:\/\/intuepilates.com\/#\/schema\/logo\/image\/","url":"https:\/\/intuepilates.com\/wp-content\/uploads\/2024\/12\/INTUE_PILATES_1.svg","contentUrl":"https:\/\/intuepilates.com\/wp-content\/uploads\/2024\/12\/INTUE_PILATES_1.svg","width":200,"height":104,"caption":"INTU\u00c9 Pilates Studio"},"image":{"@id":"https:\/\/intuepilates.com\/#\/schema\/logo\/image\/"},"sameAs":["https:\/\/www.instagram.com\/intuepilates"]}]}},"_links":{"self":[{"href":"https:\/\/intuepilates.com\/ca\/wp-json\/wp\/v2\/pages\/2465","targetHints":{"allow":["GET"]}}],"collection":[{"href":"https:\/\/intuepilates.com\/ca\/wp-json\/wp\/v2\/pages"}],"about":[{"href":"https:\/\/intuepilates.com\/ca\/wp-json\/wp\/v2\/types\/page"}],"author":[{"embeddable":true,"href":"https:\/\/intuepilates.com\/ca\/wp-json\/wp\/v2\/users\/1"}],"replies":[{"embeddable":true,"href":"https:\/\/intuepilates.com\/ca\/wp-json\/wp\/v2\/comments?post=2465"}],"version-history":[{"count":32,"href":"https:\/\/intuepilates.com\/ca\/wp-json\/wp\/v2\/pages\/2465\/revisions"}],"predecessor-version":[{"id":2802,"href":"https:\/\/intuepilates.com\/ca\/wp-json\/wp\/v2\/pages\/2465\/revisions\/2802"}],"wp:attachment":[{"href":"https:\/\/intuepilates.com\/ca\/wp-json\/wp\/v2\/media?parent=2465"}],"curies":[{"name":"wp","href":"https:\/\/api.w.org\/{rel}","templated":true}]}}