{"id":2475,"date":"2024-12-05T16:07:02","date_gmt":"2024-12-05T15:07:02","guid":{"rendered":"https:\/\/intuepilates.com\/?page_id=2475"},"modified":"2025-10-30T17:20:10","modified_gmt":"2025-10-30T16:20:10","slug":"horarios-actividades-barcelona","status":"publish","type":"page","link":"https:\/\/intuepilates.com\/ca\/horarios-actividades-barcelona\/","title":{"rendered":"Horarios Barcelona"},"content":{"rendered":"<div data-elementor-type=\"wp-page\" data-elementor-id=\"2475\" class=\"elementor elementor-2475\">\n\t\t\t\t\t\t<section class=\"elementor-section elementor-top-section elementor-element elementor-element-98a32e7 elementor-section-full_width elementor-section-height-default elementor-section-height-default parallax_section_no qode_elementor_container_no\" data-id=\"98a32e7\" data-element_type=\"section\" data-e-type=\"section\">\n\t\t\t\t\t\t\t<div class=\"elementor-background-overlay\"><\/div>\n\t\t\t\t\t\t\t<div class=\"elementor-container elementor-column-gap-default\">\n\t\t\t\t\t<div class=\"elementor-column elementor-col-100 elementor-top-column elementor-element elementor-element-fc69058\" data-id=\"fc69058\" data-element_type=\"column\" data-e-type=\"column\">\n\t\t\t<div class=\"elementor-widget-wrap elementor-element-populated\">\n\t\t\t\t\t\t<div class=\"elementor-element elementor-element-e7471f5 elementor-hidden-desktop elementor-hidden-tablet elementor-widget elementor-widget-heading\" data-id=\"e7471f5\" data-element_type=\"widget\" data-e-type=\"widget\" data-widget_type=\"heading.default\">\n\t\t\t\t<div class=\"elementor-widget-container\">\n\t\t\t\t\t<h1 class=\"elementor-heading-title elementor-size-default\">Find your inner power<\/h1>\t\t\t\t<\/div>\n\t\t\t\t<\/div>\n\t\t\t\t<div class=\"elementor-element elementor-element-06ada2c elementor-widget elementor-widget-heading\" data-id=\"06ada2c\" data-element_type=\"widget\" data-e-type=\"widget\" data-widget_type=\"heading.default\">\n\t\t\t\t<div class=\"elementor-widget-container\">\n\t\t\t\t\t<h1 class=\"elementor-heading-title elementor-size-default\">\u00c9s una manera de viure.<br \/>\nM\u00e9s saludable, m\u00e9s equilibrada, m\u00e9s tu.<br \/>\nSi ets de viure en plenitud potencia la teva energia amb nosaltres.<br \/>\nPerqu\u00e8 \u00e9s en tu.<\/h1>\t\t\t\t<\/div>\n\t\t\t\t<\/div>\n\t\t\t\t\t<\/div>\n\t\t<\/div>\n\t\t\t\t\t<\/div>\n\t\t<\/section>\n\t\t\t\t<section class=\"elementor-section elementor-top-section elementor-element elementor-element-79bf4b2 elementor-section-boxed elementor-section-height-default elementor-section-height-default parallax_section_no qode_elementor_container_no\" data-id=\"79bf4b2\" data-element_type=\"section\" data-e-type=\"section\" data-settings=\"{&quot;background_background&quot;:&quot;classic&quot;}\">\n\t\t\t\t\t\t<div class=\"elementor-container elementor-column-gap-default\">\n\t\t\t\t\t<div class=\"elementor-column elementor-col-100 elementor-top-column elementor-element elementor-element-4d4c379\" data-id=\"4d4c379\" data-element_type=\"column\" data-e-type=\"column\">\n\t\t\t<div class=\"elementor-widget-wrap elementor-element-populated\">\n\t\t\t\t\t\t<div class=\"elementor-element elementor-element-04f7c06 elementor-widget elementor-widget-heading\" data-id=\"04f7c06\" data-element_type=\"widget\" data-e-type=\"widget\" data-widget_type=\"heading.default\">\n\t\t\t\t<div class=\"elementor-widget-container\">\n\t\t\t\t\t<h2 class=\"elementor-heading-title elementor-size-default\">HORARIS<\/h2>\t\t\t\t<\/div>\n\t\t\t\t<\/div>\n\t\t\t\t<div class=\"elementor-element elementor-element-17d506b elementor-widget elementor-widget-heading\" data-id=\"17d506b\" data-element_type=\"widget\" data-e-type=\"widget\" data-widget_type=\"heading.default\">\n\t\t\t\t<div class=\"elementor-widget-container\">\n\t\t\t\t\t<h3 class=\"elementor-heading-title elementor-size-default\">INTU\u00c9 Pilates Studio<br \/>\nBarcelona\n<\/h3>\t\t\t\t<\/div>\n\t\t\t\t<\/div>\n\t\t\t\t<div class=\"elementor-element elementor-element-42dd0ea elementor-widget elementor-widget-spacer\" data-id=\"42dd0ea\" data-element_type=\"widget\" data-e-type=\"widget\" data-widget_type=\"spacer.default\">\n\t\t\t\t<div class=\"elementor-widget-container\">\n\t\t\t\t\t\t\t<div class=\"elementor-spacer\">\n\t\t\t<div class=\"elementor-spacer-inner\"><\/div>\n\t\t<\/div>\n\t\t\t\t\t\t<\/div>\n\t\t\t\t<\/div>\n\t\t\t\t<div class=\"elementor-element elementor-element-e13d2df elementor-widget elementor-widget-html\" data-id=\"e13d2df\" data-element_type=\"widget\" data-e-type=\"widget\" data-widget_type=\"html.default\">\n\t\t\t\t<div class=\"elementor-widget-container\">\n\t\t\t\t\t<script id=\"insert-bsport-widget-cdn\">!function (b, s, p, o, r, t) { !typeof window.BsportWidget !== \"undefined\" && !document.getElementById(\"bsport-widget-cdn\") && !function () { m = b.createElement(s), m.id = \"bsport-widget-cdn\", m.src = p, b.getElementsByTagName(\"head\")[0].appendChild(m) }() }(document, \"script\", \"https:\/\/cdn.bsport.io\/scripts\/widget.js\")<\/script>\n    <script id=\"bsport-widget-mount\">\n        function MountBsportWidget(config, repeat=1) {\n            if (repeat > 50) { return }\n            if (!window.BsportWidget) {\n                return setTimeout(() => {\n                    MountBsportWidget(config,repeat+1)\n                }, 100 * repeat || 1)\n            }\n            BsportWidget.mount(config)\n        }\n    <\/script>\n    <script>\n        MountBsportWidget({\n                \"parentElement\": \"bsport-widget-593816\",\n                \"companyId\": 3408,\n                \"franchiseId\": null,\n                \"dialogMode\": 1,\n                \"widgetType\": \"calendar\", \n                \"showFab\": false,\n                \"fullScreenPopup\": false,\n                \"styles\":undefined,\n                \"config\": {\n                    \"calendar\": {}\n                }  \n            })\n    <\/script>\n<div id=\"bsport-widget-593816\"><\/div>\t\t\t\t<\/div>\n\t\t\t\t<\/div>\n\t\t\t\t<div class=\"elementor-element elementor-element-f49c130 elementor-widget elementor-widget-spacer\" data-id=\"f49c130\" data-element_type=\"widget\" data-e-type=\"widget\" data-widget_type=\"spacer.default\">\n\t\t\t\t<div class=\"elementor-widget-container\">\n\t\t\t\t\t\t\t<div class=\"elementor-spacer\">\n\t\t\t<div class=\"elementor-spacer-inner\"><\/div>\n\t\t<\/div>\n\t\t\t\t\t\t<\/div>\n\t\t\t\t<\/div>\n\t\t\t\t<div class=\"elementor-element elementor-element-0116acb elementor-widget elementor-widget-spacer\" data-id=\"0116acb\" data-element_type=\"widget\" data-e-type=\"widget\" data-widget_type=\"spacer.default\">\n\t\t\t\t<div class=\"elementor-widget-container\">\n\t\t\t\t\t\t\t<div class=\"elementor-spacer\">\n\t\t\t<div class=\"elementor-spacer-inner\"><\/div>\n\t\t<\/div>\n\t\t\t\t\t\t<\/div>\n\t\t\t\t<\/div>\n\t\t\t\t<div class=\"elementor-element elementor-element-e47bddc elementor-align-center elementor-widget__width-initial elementor-widget elementor-widget-button\" data-id=\"e47bddc\" data-element_type=\"widget\" data-e-type=\"widget\" data-widget_type=\"button.default\">\n\t\t\t\t<div class=\"elementor-widget-container\">\n\t\t\t\t\t\t\t\t\t<div class=\"elementor-button-wrapper\">\n\t\t\t\t\t<a class=\"elementor-button elementor-button-link elementor-size-sm\" href=\"https:\/\/intuepilates.com\/ca\/barcelona\/#contacto\">\n\t\t\t\t\t\t<span class=\"elementor-button-content-wrapper\">\n\t\t\t\t\t\t\t\t\t<span class=\"elementor-button-text\">CONTACTA'NS<\/span>\n\t\t\t\t\t<\/span>\n\t\t\t\t\t<\/a>\n\t\t\t\t<\/div>\n\t\t\t\t\t\t\t\t<\/div>\n\t\t\t\t<\/div>\n\t\t\t\t\t<\/div>\n\t\t<\/div>\n\t\t\t\t\t<\/div>\n\t\t<\/section>\n\t\t\t\t<\/div>","protected":false},"excerpt":{"rendered":"<p>Find your inner power Es una forma de vivir. M\u00e1s saludable, m\u00e1s equilibrada, m\u00e1s t\u00fa. Si eres de vivir en plenitud potencia tu energ\u00eda con nosotros. Porque est\u00e1 en ti. HORARIOS INTU\u00c9 Pilates Studio Barcelona CONT\u00c1CTANOS<\/p>","protected":false},"author":1,"featured_media":0,"parent":0,"menu_order":0,"comment_status":"closed","ping_status":"closed","template":"full_width.php","meta":{"footnotes":""},"class_list":["post-2475","page","type-page","status-publish","hentry"],"yoast_head":"<!-- This site is optimized with the Yoast SEO plugin v26.9 - https:\/\/yoast.com\/product\/yoast-seo-wordpress\/ -->\n<title>Horarios Pilates Reformer Barcelona | INTU\u00c9 Pilates<\/title>\n<meta name=\"description\" content=\"Consulta los horarios y calendario de actividades de Intu\u00e9 Pilates Studio Barcelona. \u00a1Descubre el poder del pilates reformer!\" \/>\n<meta name=\"robots\" content=\"index, follow, max-snippet:-1, max-image-preview:large, max-video-preview:-1\" \/>\n<link rel=\"canonical\" href=\"https:\/\/intuepilates.com\/ca\/horarios-actividades-barcelona\/\" \/>\n<meta property=\"og:locale\" content=\"ca_ES\" \/>\n<meta property=\"og:type\" content=\"article\" \/>\n<meta property=\"og:title\" content=\"Horarios Pilates Reformer Barcelona | INTU\u00c9 Pilates\" \/>\n<meta property=\"og:description\" content=\"Consulta los horarios y calendario de actividades de Intu\u00e9 Pilates Studio Barcelona. \u00a1Descubre el poder del pilates reformer!\" \/>\n<meta property=\"og:url\" content=\"https:\/\/intuepilates.com\/ca\/horarios-actividades-barcelona\/\" \/>\n<meta property=\"og:site_name\" content=\"INTU\u00c9 Pilates\" \/>\n<meta property=\"article:modified_time\" content=\"2025-10-30T16:20:10+00:00\" \/>\n<meta name=\"twitter:card\" content=\"summary_large_image\" \/>\n<script type=\"application\/ld+json\" class=\"yoast-schema-graph\">{\"@context\":\"https:\/\/schema.org\",\"@graph\":[{\"@type\":\"WebPage\",\"@id\":\"https:\/\/intuepilates.com\/horarios-actividades-barcelona\/\",\"url\":\"https:\/\/intuepilates.com\/horarios-actividades-barcelona\/\",\"name\":\"Horarios Pilates Reformer Barcelona | INTU\u00c9 Pilates\",\"isPartOf\":{\"@id\":\"https:\/\/intuepilates.com\/#website\"},\"datePublished\":\"2024-12-05T15:07:02+00:00\",\"dateModified\":\"2025-10-30T16:20:10+00:00\",\"description\":\"Consulta los horarios y calendario de actividades de Intu\u00e9 Pilates Studio Barcelona. \u00a1Descubre el poder del pilates reformer!\",\"breadcrumb\":{\"@id\":\"https:\/\/intuepilates.com\/horarios-actividades-barcelona\/#breadcrumb\"},\"inLanguage\":\"ca\",\"potentialAction\":[{\"@type\":\"ReadAction\",\"target\":[\"https:\/\/intuepilates.com\/horarios-actividades-barcelona\/\"]}]},{\"@type\":\"BreadcrumbList\",\"@id\":\"https:\/\/intuepilates.com\/horarios-actividades-barcelona\/#breadcrumb\",\"itemListElement\":[{\"@type\":\"ListItem\",\"position\":1,\"name\":\"Inici\",\"item\":\"https:\/\/intuepilates.com\/\"},{\"@type\":\"ListItem\",\"position\":2,\"name\":\"Horarios Barcelona\"}]},{\"@type\":\"WebSite\",\"@id\":\"https:\/\/intuepilates.com\/#website\",\"url\":\"https:\/\/intuepilates.com\/\",\"name\":\"INTU\u00c9 Pilates\",\"description\":\"INTU\u00c9 Pilates Studio\",\"publisher\":{\"@id\":\"https:\/\/intuepilates.com\/#organization\"},\"alternateName\":\"INTU\u00c9 Pilates Studio\",\"potentialAction\":[{\"@type\":\"SearchAction\",\"target\":{\"@type\":\"EntryPoint\",\"urlTemplate\":\"https:\/\/intuepilates.com\/?s={search_term_string}\"},\"query-input\":{\"@type\":\"PropertyValueSpecification\",\"valueRequired\":true,\"valueName\":\"search_term_string\"}}],\"inLanguage\":\"ca\"},{\"@type\":\"Organization\",\"@id\":\"https:\/\/intuepilates.com\/#organization\",\"name\":\"INTU\u00c9 Pilates Studio\",\"alternateName\":\"INTU\u00c9 Pilates\",\"url\":\"https:\/\/intuepilates.com\/\",\"logo\":{\"@type\":\"ImageObject\",\"inLanguage\":\"ca\",\"@id\":\"https:\/\/intuepilates.com\/#\/schema\/logo\/image\/\",\"url\":\"https:\/\/intuepilates.com\/wp-content\/uploads\/2024\/12\/INTUE_PILATES_1.svg\",\"contentUrl\":\"https:\/\/intuepilates.com\/wp-content\/uploads\/2024\/12\/INTUE_PILATES_1.svg\",\"width\":200,\"height\":104,\"caption\":\"INTU\u00c9 Pilates Studio\"},\"image\":{\"@id\":\"https:\/\/intuepilates.com\/#\/schema\/logo\/image\/\"},\"sameAs\":[\"https:\/\/www.instagram.com\/intuepilates\"]}]}<\/script>\n<!-- \/ Yoast SEO plugin. -->","yoast_head_json":{"title":"Horarios Pilates Reformer Barcelona | INTU\u00c9 Pilates","description":"Consulta los horarios y calendario de actividades de Intu\u00e9 Pilates Studio Barcelona. \u00a1Descubre el poder del pilates reformer!","robots":{"index":"index","follow":"follow","max-snippet":"max-snippet:-1","max-image-preview":"max-image-preview:large","max-video-preview":"max-video-preview:-1"},"canonical":"https:\/\/intuepilates.com\/ca\/horarios-actividades-barcelona\/","og_locale":"ca_ES","og_type":"article","og_title":"Horarios Pilates Reformer Barcelona | INTU\u00c9 Pilates","og_description":"Consulta los horarios y calendario de actividades de Intu\u00e9 Pilates Studio Barcelona. \u00a1Descubre el poder del pilates reformer!","og_url":"https:\/\/intuepilates.com\/ca\/horarios-actividades-barcelona\/","og_site_name":"INTU\u00c9 Pilates","article_modified_time":"2025-10-30T16:20:10+00:00","twitter_card":"summary_large_image","schema":{"@context":"https:\/\/schema.org","@graph":[{"@type":"WebPage","@id":"https:\/\/intuepilates.com\/horarios-actividades-barcelona\/","url":"https:\/\/intuepilates.com\/horarios-actividades-barcelona\/","name":"Horarios Pilates Reformer Barcelona | INTU\u00c9 Pilates","isPartOf":{"@id":"https:\/\/intuepilates.com\/#website"},"datePublished":"2024-12-05T15:07:02+00:00","dateModified":"2025-10-30T16:20:10+00:00","description":"Consulta los horarios y calendario de actividades de Intu\u00e9 Pilates Studio Barcelona. \u00a1Descubre el poder del pilates reformer!","breadcrumb":{"@id":"https:\/\/intuepilates.com\/horarios-actividades-barcelona\/#breadcrumb"},"inLanguage":"ca","potentialAction":[{"@type":"ReadAction","target":["https:\/\/intuepilates.com\/horarios-actividades-barcelona\/"]}]},{"@type":"BreadcrumbList","@id":"https:\/\/intuepilates.com\/horarios-actividades-barcelona\/#breadcrumb","itemListElement":[{"@type":"ListItem","position":1,"name":"Inici","item":"https:\/\/intuepilates.com\/"},{"@type":"ListItem","position":2,"name":"Horarios Barcelona"}]},{"@type":"WebSite","@id":"https:\/\/intuepilates.com\/#website","url":"https:\/\/intuepilates.com\/","name":"INTU\u00c9 Pilates","description":"INTU\u00c9 Pilates Studio","publisher":{"@id":"https:\/\/intuepilates.com\/#organization"},"alternateName":"INTU\u00c9 Pilates Studio","potentialAction":[{"@type":"SearchAction","target":{"@type":"EntryPoint","urlTemplate":"https:\/\/intuepilates.com\/?s={search_term_string}"},"query-input":{"@type":"PropertyValueSpecification","valueRequired":true,"valueName":"search_term_string"}}],"inLanguage":"ca"},{"@type":"Organization","@id":"https:\/\/intuepilates.com\/#organization","name":"INTU\u00c9 Pilates Studio","alternateName":"INTU\u00c9 Pilates","url":"https:\/\/intuepilates.com\/","logo":{"@type":"ImageObject","inLanguage":"ca","@id":"https:\/\/intuepilates.com\/#\/schema\/logo\/image\/","url":"https:\/\/intuepilates.com\/wp-content\/uploads\/2024\/12\/INTUE_PILATES_1.svg","contentUrl":"https:\/\/intuepilates.com\/wp-content\/uploads\/2024\/12\/INTUE_PILATES_1.svg","width":200,"height":104,"caption":"INTU\u00c9 Pilates Studio"},"image":{"@id":"https:\/\/intuepilates.com\/#\/schema\/logo\/image\/"},"sameAs":["https:\/\/www.instagram.com\/intuepilates"]}]}},"_links":{"self":[{"href":"https:\/\/intuepilates.com\/ca\/wp-json\/wp\/v2\/pages\/2475","targetHints":{"allow":["GET"]}}],"collection":[{"href":"https:\/\/intuepilates.com\/ca\/wp-json\/wp\/v2\/pages"}],"about":[{"href":"https:\/\/intuepilates.com\/ca\/wp-json\/wp\/v2\/types\/page"}],"author":[{"embeddable":true,"href":"https:\/\/intuepilates.com\/ca\/wp-json\/wp\/v2\/users\/1"}],"replies":[{"embeddable":true,"href":"https:\/\/intuepilates.com\/ca\/wp-json\/wp\/v2\/comments?post=2475"}],"version-history":[{"count":28,"href":"https:\/\/intuepilates.com\/ca\/wp-json\/wp\/v2\/pages\/2475\/revisions"}],"predecessor-version":[{"id":3391,"href":"https:\/\/intuepilates.com\/ca\/wp-json\/wp\/v2\/pages\/2475\/revisions\/3391"}],"wp:attachment":[{"href":"https:\/\/intuepilates.com\/ca\/wp-json\/wp\/v2\/media?parent=2475"}],"curies":[{"name":"wp","href":"https:\/\/api.w.org\/{rel}","templated":true}]}}