{"id":3,"date":"2020-11-04T14:38:34","date_gmt":"2020-11-04T14:38:34","guid":{"rendered":"https:\/\/bridge409.qodeinteractive.com\/?page_id=3"},"modified":"2024-12-11T11:08:04","modified_gmt":"2024-12-11T10:08:04","slug":"politica-privacidad","status":"publish","type":"page","link":"https:\/\/intuepilates.com\/ca\/politica-privacidad\/","title":{"rendered":"Aviso legal y Pol\u00edtica de privacidad"},"content":{"rendered":"<div data-elementor-type=\"wp-page\" data-elementor-id=\"3\" class=\"elementor elementor-3\">\n\t\t\t\t\t\t<section class=\"elementor-section elementor-top-section elementor-element elementor-element-5b506dd8 elementor-section-boxed elementor-section-height-default elementor-section-height-default parallax_section_no qode_elementor_container_no\" data-id=\"5b506dd8\" data-element_type=\"section\" data-e-type=\"section\">\n\t\t\t\t\t\t<div class=\"elementor-container elementor-column-gap-default\">\n\t\t\t\t\t<div class=\"elementor-column elementor-col-100 elementor-top-column elementor-element elementor-element-68082ec6\" data-id=\"68082ec6\" data-element_type=\"column\" data-e-type=\"column\">\n\t\t\t<div class=\"elementor-widget-wrap elementor-element-populated\">\n\t\t\t\t\t\t<div class=\"elementor-element elementor-element-3f09cc32 elementor-widget elementor-widget-text-editor\" data-id=\"3f09cc32\" data-element_type=\"widget\" data-e-type=\"widget\" data-widget_type=\"text-editor.default\">\n\t\t\t\t<div class=\"elementor-widget-container\">\n\t\t\t\t\t\t\t\t\t<h1>Pol\u00edtica de privacitat<\/h1><br\/>\n1.\u00a0<strong>PROTECCI\u00d3 DE DADES PERSONALS:<\/strong><br\/>\n\n<strong>RESPONSABLE DEL TRACTAMENT:\u00a0<\/strong>\n<figure class=\"wp-block-table\">\n<table class=\"has-fixed-layout\">\n<tbody>\n<tr>\n<td><em>Titular<\/em><\/td>\n<td colspan=\"2\">GAMFIT 18, SL<\/td>\n<\/tr>\n<tr>\n<td><em>Marca<\/em>\u00a0<em>NIF<\/em><\/td>\n<td>INTUE B16603821<\/td>\n<td><\/td>\n<\/tr>\n<tr>\n<td><em>Adre\u00e7a<\/em><\/td>\n<td colspan=\"2\">C\/ Font i Monteros, n\u00ba 21, bajos \u2013 Palma de Mallorca<\/td>\n<\/tr>\n<tr>\n<td><em>Correu electr\u00f2nic<\/em><\/td>\n<td colspan=\"2\"><em><a href=\"mailto:hola@intuepilates.com\">hola@intuepilates.com<\/a><\/em><\/td>\n<\/tr>\n<\/tbody>\n<\/table>\n<\/figure>\nEn compliment del que estableix la Llei Org\u00e0nica 3\/2018, de 5 de desembre, de Protecci\u00f3 de Dades Personals i garantia dels drets digitals (LOPD) i la Llei 34\/2002, d'11 de juliol, de Serveis de la Societat de la Informaci\u00f3 i Comer\u00e7 Electr\u00f2nic (LSSI), us informem que totes les dades personals que ens faciliti a trav\u00e9s d'aquest lloc web, passaran a formar part de la base de dades titularitat de GAMFIT 18, SL, amb la finalitat de prestar els serveis requerits pels clients i usuaris.<br\/><br\/>\n\n<strong>FINALITAT DEL TRACTAMENT<\/strong><br\/>\n\nLes dades personals que ens remeti a trav\u00e9s dels formularis d'aquest lloc web nom\u00e9s s'utilitzaran per a les finalitats seg\u00fcents:\n<ul class=\"wp-block-list\">\n \t<li>Gesti\u00f3 de la vostra consulta o petici\u00f3.<\/li>\n \t<li>Enviament dinformaci\u00f3 comercial, per via electr\u00f2nica o no electr\u00f2nica, relacionada amb els serveis de lentitat.<\/li>\n \t<li>Servei datenci\u00f3 a lusuari, resoluci\u00f3 de dubtes, presentaci\u00f3 de queixes o suggeriments.<\/li>\n<\/ul><br\/>\n<strong>TERMINI DE CONSERVACI\u00d3 DE LES DADES<\/strong><br\/>\n\nLes dades personals proporcionades es conservaran mentre no se sol\u00b7liciti la seva supressi\u00f3 per l'interessat, i en qualsevol cas, mentre es mantingui obert el proc\u00e9s de selecci\u00f3.<br\/><br\/>\n\n<strong>LEGITIMACI\u00d3 DEL TRACTAMENT<\/strong><br\/>\n\nLa base legal per al tractament de les dades \u00e9s la legitimaci\u00f3 per consentiment de linteressat per a la finalitat principal datenci\u00f3 de la consulta que ens remeti lusuari.<br\/><br\/>\n\n<strong>DESTINATARIS DE CESSIONS O TRANSFER\u00c8NCIES<\/strong><br\/>\n\nLes dades personals facilitades per l'usuari no seran mai cedides a tercers, excepte per imperatiu legal.<br\/><br\/>\n\n<strong>DRETS DE LES PERSONES INTERESSADES<\/strong><br\/>\n\nQualsevol persona t\u00e9 dret a obtenir confirmaci\u00f3 sobre si a l'entitat es tracten dades personals que li concerneixin.<br\/><br\/>\n\nD'altra banda, qualsevol interessat podr\u00e0 sol\u00b7licitar l'exercici dels drets seg\u00fcents davant l'entitat per escrit al correu electr\u00f2nic de l'encap\u00e7alament, amb acreditaci\u00f3 de la seva identitat:\n<ul class=\"wp-block-list\">\n \t<li><strong>Dret d'acc\u00e9s:<\/strong>\u00a0permet a l'interessat con\u00e8ixer i obtenir informaci\u00f3 sobre les vostres dades de car\u00e0cter personal sotmeses a tractament.<\/li>\n \t<li><strong>Dret de rectificaci\u00f3 o supressi\u00f3:<\/strong>\u00a0permet corregir errors, modificar les dades que resultin ser inexactes o incompletes i garantir la certesa de la informaci\u00f3 objecte del tractament.<\/li>\n \t<li><strong>Dret de cancel\u00b7laci\u00f3:<\/strong>\u00a0permet que se suprimeixin les dades que resultin ser inadequades o excessives.<\/li>\n \t<li><strong>Dret d'oposici\u00f3:<\/strong>\u00a0dret de l'interessat que no es dugui a terme el tractament de les seves dades de car\u00e0cter personal o es cessi en el mateix.<\/li>\n \t<li><strong>Limitaci\u00f3 del tractament:<\/strong>\u00a0comporta el marcatge de les dades personals conservades, amb la finalitat de limitar-ne el futur tractament.<\/li>\n \t<li><strong>Portabilitat de les dades:<\/strong>\u00a0facilitaci\u00f3 de les dades objecte de tractament a linteressat, a fi que aquest pugui transmetre-les a un altre responsable, sense impediments.<\/li>\n<\/ul>\nLinteressat pot, en qualsevol moment, revocar el consentiment pr\u00e8viament atorgat. En cas que revoqueu el consentiment per emmagatzemar i processar les vostres dades, l'entitat no us podr\u00e0 proporcionar determinats serveis.<br\/><br\/>\n\nEn cas de desatenci\u00f3 d'algun dels drets esmentats, l'interessat podr\u00e0 interposar la reclamaci\u00f3 de tutela corresponent davant l'Ag\u00e8ncia Espanyola de Protecci\u00f3 de Dades.<br\/>\n\nLa conservaci\u00f3 de les dades queda subjecta al termini de prescripci\u00f3 de les diferents obligacions legals. En cap cas no es contempla per part de l'entitat la presa de decisions automatitzades per a l'elaboraci\u00f3 de perfils o la transfer\u00e8ncia internacional a tercers pa\u00efsos.<br\/>\n\nL'entitat es compromet al compliment de la seva obligaci\u00f3 de secret de les dades de car\u00e0cter personal i del seu deure de tractar-les amb confidencialitat, i adoptar\u00e0, a aquests efectes, les mesures necess\u00e0ries per evitar-ne l'alteraci\u00f3, la p\u00e8rdua, el tractament o l'acc\u00e9s no autoritzat.<br\/><br\/>\n\n2.\u00a0<strong>EXCLUSI\u00d3 DE GARANTIES I RESPONSABILITAT<\/strong><br\/>\n\nEl titular del lloc web no es fa responsable dels danys i perjudicis de qualsevol naturalesa que puguin ocasionar. A t\u00edtol enunciatiu: errors o omissions en continguts, manca de disponibilitat del portal o transmissi\u00f3 de virus o programes maliciosos. Tampoc per efectes lesius en els continguts i malgrat haver adoptat totes les mesures tecnol\u00f2giques necess\u00e0ries per evitar-ho.<br\/><br\/>\n\n3.\u00a0<strong>ENLLA\u00c7OS<\/strong><br\/>\n\nAquest lloc web pot disposar denlla\u00e7os o hipervincles cap a altres llocs dInternet. S'informa que aquest titular no exercir\u00e0 cap tipus de control sobre aquests llocs i continguts. En cap cas el titular de la present web assumir\u00e0 cap responsabilitat per continguts enlla\u00e7ats a un lloc web extern. Tampoc no garantir\u00e0 disponibilitat t\u00e8cnica, qualitat, fiabilitat, exactitud, amplitud, veracitat, validesa i legalitat de qualsevol material o informaci\u00f3 en cap hipervincle. La inclusi\u00f3 d\u201faquestes connexions externes no implicar\u00e0 cap tipus d\u201fassociaci\u00f3, fusi\u00f3 o participaci\u00f3 amb les entitats connectades. El titular del present lloc web aconsella la lectura dels avisos legals espec\u00edfics de cada lloc web al qual accedeixi.<br\/><br\/>\n\n4.\u00a0<strong>PROPIETAT INTEL\u00b7LECTUAL<\/strong>\n\nEls continguts i elements gr\u00e0fics que formen part del lloc web s\u00f3n de titularitat exclusiva de l'entitat. Aix\u00ed mateix, els continguts del lloc web s\u00f3n objecte de propietat intel\u00b7lectual. Qualsevol \u00fas o reproducci\u00f3 d\u201faquests continguts per part de tercers no autoritzats est\u00e0 estrictament prohibit. En cas de voler-ne fer \u00fas s'han de fer seguint les previsions de la normativa sobre propietat intel\u00b7lectual.<br\/><br\/>\n\nSi es vol utilitzar leg\u00edtimament algun contingut s'haur\u00e0 de sol\u00b7licitar el degut consentiment mitjan\u00e7ant enviament de correu electr\u00f2nic a:\u00a0<em>indicar correu corporatiu per rebre sobre protecci\u00f3 de dades<\/em><br\/><br\/>\n\n5.\u00a0<strong>\u00daS DE COOKIES<\/strong><br\/>\n\nL'entitat comunica als usuaris, mitjan\u00e7ant aquest av\u00eds, que utilitza cookies quan l'usuari navega per les diferents p\u00e0gines de la nostra p\u00e0gina web.<br\/>\n\nLes cookies s\u00f3n una petita pe\u00e7a d'informaci\u00f3 enviada pel nostre lloc web, les quals s\u00f3n emmagatzemades al navegador de l'usuari, aix\u00ed ens aporta informaci\u00f3 an\u00f2nima que ens ajuda a millorar la qualitat de la nostra p\u00e0gina web, oferint un servei m\u00e9s personalitzat, aprendre sobre els gustos i prefer\u00e8ncies dels nostres visitants i facilitar la navegaci\u00f3 pel nostre lloc web.<br\/>\n\nLa majoria de navegadors generalment us permetran canviar mitjan\u00e7ant la barra d'eines les caracter\u00edstiques del vostre navegador perqu\u00e8 aquest no accepti \u00abcookies\u00bb o us avisi en el moment del seu \u00fas. Si desactiva les cookies del vostre navegador pot ser que part del nostre lloc web no operar\u00e0 correctament.<br\/><br\/>\n\n<strong>El lloc web utilitza els seg\u00fcents tipus de cookies<\/strong>:<br\/>\n\n<strong><em>Cookies de sessi\u00f3<\/em><\/strong><em>: s\u00f3n cookies temporals que romanen a l'arxiu de cookies del vostre navegador mentre est\u00e0 a la nostra p\u00e0gina web.<\/em>\n<figure class=\"wp-block-table alignwide\">\n<table class=\"has-fixed-layout\">\n<tbody>\n<tr>\n<td>Cookie<\/td>\n<td>Domini<\/td>\n<td>Descripci\u00f3<\/td>\n<td>Durada<\/td>\n<td>Tipus<\/td>\n<\/tr>\n<tr>\n<td>wpEmojiSettingsSupports<\/td>\n<td>intuepilates.com<\/td>\n<td>WordPress estableix aquesta galeta quan un usuari interactua amb emojis en un lloc de WordPress. Ajuda a determinar si el navegador de lusuari pot mostrar emojis correctament.<\/td>\n<td>session<\/td>\n<td>necess\u00e0ria<\/td>\n<\/tr>\n<\/tbody>\n<\/table>\n<\/figure>\n&nbsp;\t\t\t\t\t\t\t\t<\/div>\n\t\t\t\t<\/div>\n\t\t\t\t\t<\/div>\n\t\t<\/div>\n\t\t\t\t\t<\/div>\n\t\t<\/section>\n\t\t\t\t<\/div>","protected":false},"excerpt":{"rendered":"<p>Pol\u00edtica de privacidad 1.\u00a0PROTECCI\u00d3N DE DATOS PERSONALES: RESPONSABLE DEL TRATAMIENTO:\u00a0 Titular GAMFIT 18, SL Marca\u00a0NIF INTUE B16603821 Direcci\u00f3n C\/ Font i Monteros, n\u00ba 21, bajos \u2013 Palma de Mallorca Correo electr\u00f3nico hola@intuepilates.com En cumplimiento de lo establecido en la Ley Org\u00e1nica 3\/2018, de 5 de&#8230;<\/p>","protected":false},"author":1,"featured_media":0,"parent":0,"menu_order":0,"comment_status":"closed","ping_status":"closed","template":"","meta":{"footnotes":""},"class_list":["post-3","page","type-page","status-publish","hentry"],"yoast_head":"<!-- This site is optimized with the Yoast SEO plugin v26.9 - https:\/\/yoast.com\/product\/yoast-seo-wordpress\/ -->\n<title>Aviso legal y Pol\u00edtica de privacidad - INTU\u00c9 Pilates<\/title>\n<meta name=\"robots\" content=\"noindex, follow\" \/>\n<meta property=\"og:locale\" content=\"ca_ES\" \/>\n<meta property=\"og:type\" content=\"article\" \/>\n<meta property=\"og:title\" content=\"Aviso legal y Pol\u00edtica de privacidad - INTU\u00c9 Pilates\" \/>\n<meta property=\"og:description\" content=\"Pol\u00edtica de privacidad 1.\u00a0PROTECCI\u00d3N DE DATOS PERSONALES: RESPONSABLE DEL TRATAMIENTO:\u00a0 Titular GAMFIT 18, SL Marca\u00a0NIF INTUE B16603821 Direcci\u00f3n C\/ Font i Monteros, n\u00ba 21, bajos \u2013 Palma de Mallorca Correo electr\u00f3nico hola@intuepilates.com En cumplimiento de lo establecido en la Ley Org\u00e1nica 3\/2018, de 5 de...\" \/>\n<meta property=\"og:url\" content=\"https:\/\/intuepilates.com\/ca\/politica-privacidad\/\" \/>\n<meta property=\"og:site_name\" content=\"INTU\u00c9 Pilates\" \/>\n<meta property=\"article:modified_time\" content=\"2024-12-11T10:08:04+00:00\" \/>\n<meta name=\"twitter:card\" content=\"summary_large_image\" \/>\n<meta name=\"twitter:label1\" content=\"Temps estimat de lectura\" \/>\n\t<meta name=\"twitter:data1\" content=\"6 minuts\" \/>\n<script type=\"application\/ld+json\" class=\"yoast-schema-graph\">{\"@context\":\"https:\/\/schema.org\",\"@graph\":[{\"@type\":\"WebPage\",\"@id\":\"https:\/\/intuepilates.com\/politica-privacidad\/\",\"url\":\"https:\/\/intuepilates.com\/politica-privacidad\/\",\"name\":\"Aviso legal y Pol\u00edtica de privacidad - INTU\u00c9 Pilates\",\"isPartOf\":{\"@id\":\"https:\/\/intuepilates.com\/#website\"},\"datePublished\":\"2020-11-04T14:38:34+00:00\",\"dateModified\":\"2024-12-11T10:08:04+00:00\",\"breadcrumb\":{\"@id\":\"https:\/\/intuepilates.com\/politica-privacidad\/#breadcrumb\"},\"inLanguage\":\"ca\",\"potentialAction\":[{\"@type\":\"ReadAction\",\"target\":[\"https:\/\/intuepilates.com\/politica-privacidad\/\"]}]},{\"@type\":\"BreadcrumbList\",\"@id\":\"https:\/\/intuepilates.com\/politica-privacidad\/#breadcrumb\",\"itemListElement\":[{\"@type\":\"ListItem\",\"position\":1,\"name\":\"Inici\",\"item\":\"https:\/\/intuepilates.com\/\"},{\"@type\":\"ListItem\",\"position\":2,\"name\":\"Aviso legal y Pol\u00edtica de privacidad\"}]},{\"@type\":\"WebSite\",\"@id\":\"https:\/\/intuepilates.com\/#website\",\"url\":\"https:\/\/intuepilates.com\/\",\"name\":\"INTU\u00c9 Pilates\",\"description\":\"INTU\u00c9 Pilates Studio\",\"publisher\":{\"@id\":\"https:\/\/intuepilates.com\/#organization\"},\"alternateName\":\"INTU\u00c9 Pilates Studio\",\"potentialAction\":[{\"@type\":\"SearchAction\",\"target\":{\"@type\":\"EntryPoint\",\"urlTemplate\":\"https:\/\/intuepilates.com\/?s={search_term_string}\"},\"query-input\":{\"@type\":\"PropertyValueSpecification\",\"valueRequired\":true,\"valueName\":\"search_term_string\"}}],\"inLanguage\":\"ca\"},{\"@type\":\"Organization\",\"@id\":\"https:\/\/intuepilates.com\/#organization\",\"name\":\"INTU\u00c9 Pilates Studio\",\"alternateName\":\"INTU\u00c9 Pilates\",\"url\":\"https:\/\/intuepilates.com\/\",\"logo\":{\"@type\":\"ImageObject\",\"inLanguage\":\"ca\",\"@id\":\"https:\/\/intuepilates.com\/#\/schema\/logo\/image\/\",\"url\":\"https:\/\/intuepilates.com\/wp-content\/uploads\/2024\/12\/INTUE_PILATES_1.svg\",\"contentUrl\":\"https:\/\/intuepilates.com\/wp-content\/uploads\/2024\/12\/INTUE_PILATES_1.svg\",\"width\":200,\"height\":104,\"caption\":\"INTU\u00c9 Pilates Studio\"},\"image\":{\"@id\":\"https:\/\/intuepilates.com\/#\/schema\/logo\/image\/\"},\"sameAs\":[\"https:\/\/www.instagram.com\/intuepilates\"]}]}<\/script>\n<!-- \/ Yoast SEO plugin. -->","yoast_head_json":{"title":"Aviso legal y Pol\u00edtica de privacidad - INTU\u00c9 Pilates","robots":{"index":"noindex","follow":"follow"},"og_locale":"ca_ES","og_type":"article","og_title":"Aviso legal y Pol\u00edtica de privacidad - INTU\u00c9 Pilates","og_description":"Pol\u00edtica de privacidad 1.\u00a0PROTECCI\u00d3N DE DATOS PERSONALES: RESPONSABLE DEL TRATAMIENTO:\u00a0 Titular GAMFIT 18, SL Marca\u00a0NIF INTUE B16603821 Direcci\u00f3n C\/ Font i Monteros, n\u00ba 21, bajos \u2013 Palma de Mallorca Correo electr\u00f3nico hola@intuepilates.com En cumplimiento de lo establecido en la Ley Org\u00e1nica 3\/2018, de 5 de...","og_url":"https:\/\/intuepilates.com\/ca\/politica-privacidad\/","og_site_name":"INTU\u00c9 Pilates","article_modified_time":"2024-12-11T10:08:04+00:00","twitter_card":"summary_large_image","twitter_misc":{"Temps estimat de lectura":"6 minuts"},"schema":{"@context":"https:\/\/schema.org","@graph":[{"@type":"WebPage","@id":"https:\/\/intuepilates.com\/politica-privacidad\/","url":"https:\/\/intuepilates.com\/politica-privacidad\/","name":"Aviso legal y Pol\u00edtica de privacidad - INTU\u00c9 Pilates","isPartOf":{"@id":"https:\/\/intuepilates.com\/#website"},"datePublished":"2020-11-04T14:38:34+00:00","dateModified":"2024-12-11T10:08:04+00:00","breadcrumb":{"@id":"https:\/\/intuepilates.com\/politica-privacidad\/#breadcrumb"},"inLanguage":"ca","potentialAction":[{"@type":"ReadAction","target":["https:\/\/intuepilates.com\/politica-privacidad\/"]}]},{"@type":"BreadcrumbList","@id":"https:\/\/intuepilates.com\/politica-privacidad\/#breadcrumb","itemListElement":[{"@type":"ListItem","position":1,"name":"Inici","item":"https:\/\/intuepilates.com\/"},{"@type":"ListItem","position":2,"name":"Aviso legal y Pol\u00edtica de privacidad"}]},{"@type":"WebSite","@id":"https:\/\/intuepilates.com\/#website","url":"https:\/\/intuepilates.com\/","name":"INTU\u00c9 Pilates","description":"INTU\u00c9 Pilates Studio","publisher":{"@id":"https:\/\/intuepilates.com\/#organization"},"alternateName":"INTU\u00c9 Pilates Studio","potentialAction":[{"@type":"SearchAction","target":{"@type":"EntryPoint","urlTemplate":"https:\/\/intuepilates.com\/?s={search_term_string}"},"query-input":{"@type":"PropertyValueSpecification","valueRequired":true,"valueName":"search_term_string"}}],"inLanguage":"ca"},{"@type":"Organization","@id":"https:\/\/intuepilates.com\/#organization","name":"INTU\u00c9 Pilates Studio","alternateName":"INTU\u00c9 Pilates","url":"https:\/\/intuepilates.com\/","logo":{"@type":"ImageObject","inLanguage":"ca","@id":"https:\/\/intuepilates.com\/#\/schema\/logo\/image\/","url":"https:\/\/intuepilates.com\/wp-content\/uploads\/2024\/12\/INTUE_PILATES_1.svg","contentUrl":"https:\/\/intuepilates.com\/wp-content\/uploads\/2024\/12\/INTUE_PILATES_1.svg","width":200,"height":104,"caption":"INTU\u00c9 Pilates Studio"},"image":{"@id":"https:\/\/intuepilates.com\/#\/schema\/logo\/image\/"},"sameAs":["https:\/\/www.instagram.com\/intuepilates"]}]}},"_links":{"self":[{"href":"https:\/\/intuepilates.com\/ca\/wp-json\/wp\/v2\/pages\/3","targetHints":{"allow":["GET"]}}],"collection":[{"href":"https:\/\/intuepilates.com\/ca\/wp-json\/wp\/v2\/pages"}],"about":[{"href":"https:\/\/intuepilates.com\/ca\/wp-json\/wp\/v2\/types\/page"}],"author":[{"embeddable":true,"href":"https:\/\/intuepilates.com\/ca\/wp-json\/wp\/v2\/users\/1"}],"replies":[{"embeddable":true,"href":"https:\/\/intuepilates.com\/ca\/wp-json\/wp\/v2\/comments?post=3"}],"version-history":[{"count":42,"href":"https:\/\/intuepilates.com\/ca\/wp-json\/wp\/v2\/pages\/3\/revisions"}],"predecessor-version":[{"id":2034,"href":"https:\/\/intuepilates.com\/ca\/wp-json\/wp\/v2\/pages\/3\/revisions\/2034"}],"wp:attachment":[{"href":"https:\/\/intuepilates.com\/ca\/wp-json\/wp\/v2\/media?parent=3"}],"curies":[{"name":"wp","href":"https:\/\/api.w.org\/{rel}","templated":true}]}}